{"id":17373,"date":"2023-02-01T15:45:58","date_gmt":"2023-02-01T13:45:58","guid":{"rendered":"https:\/\/buccara.com\/menorquin-inicio\/ubicaciones\/villajoyosa-costa-blanca\/"},"modified":"2024-06-06T08:35:28","modified_gmt":"2024-06-06T06:35:28","slug":"villajoyosa-costa-blanca","status":"publish","type":"page","link":"https:\/\/menorquin.com\/es\/menorquin-inicio\/ubicaciones\/villajoyosa-costa-blanca\/","title":{"rendered":"Mallorca"},"content":{"rendered":"\t\t<div data-elementor-type=\"wp-page\" data-elementor-id=\"17373\" class=\"elementor elementor-17373 elementor-14792\">\n\t\t\t\t\t\t\t\t\t<section class=\"elementor-section elementor-top-section elementor-element elementor-element-45a632bf elementor-section-stretched elementor-section-content-middle elementor-section-boxed elementor-section-height-default elementor-section-height-default\" data-id=\"45a632bf\" data-element_type=\"section\" data-settings=\"{&quot;stretch_section&quot;:&quot;section-stretched&quot;,&quot;background_background&quot;:&quot;classic&quot;}\">\n\t\t\t\t\t\t\t<div class=\"elementor-background-overlay\"><\/div>\n\t\t\t\t\t\t\t<div class=\"elementor-container elementor-column-gap-default\">\n\t\t\t\t\t<div class=\"elementor-column elementor-col-100 elementor-top-column elementor-element elementor-element-7ed7bcea\" data-id=\"7ed7bcea\" data-element_type=\"column\">\n\t\t\t<div class=\"elementor-widget-wrap elementor-element-populated\">\n\t\t\t\t\t\t\t\t<div class=\"elementor-element elementor-element-3af9efd8 elementor-widget elementor-widget-heading\" data-id=\"3af9efd8\" data-element_type=\"widget\" data-widget_type=\"heading.default\">\n\t\t\t\t<div class=\"elementor-widget-container\">\n\t\t\t<style>\/*! elementor - v3.14.0 - 26-06-2023 *\/\n.elementor-heading-title{padding:0;margin:0;line-height:1}.elementor-widget-heading .elementor-heading-title[class*=elementor-size-]>a{color:inherit;font-size:inherit;line-height:inherit}.elementor-widget-heading .elementor-heading-title.elementor-size-small{font-size:15px}.elementor-widget-heading .elementor-heading-title.elementor-size-medium{font-size:19px}.elementor-widget-heading .elementor-heading-title.elementor-size-large{font-size:29px}.elementor-widget-heading .elementor-heading-title.elementor-size-xl{font-size:39px}.elementor-widget-heading .elementor-heading-title.elementor-size-xxl{font-size:59px}<\/style><h1 class=\"elementor-heading-title elementor-size-default\">Mallorca<\/h1>\t\t<\/div>\n\t\t\t\t<\/div>\n\t\t\t\t\t<\/div>\n\t\t<\/div>\n\t\t\t\t\t\t\t<\/div>\n\t\t<\/section>\n\t\t\t\t<section class=\"elementor-section elementor-top-section elementor-element elementor-element-3970322c elementor-section-content-middle elementor-section-stretched elementor-section-boxed elementor-section-height-default elementor-section-height-default\" data-id=\"3970322c\" data-element_type=\"section\" data-settings=\"{&quot;stretch_section&quot;:&quot;section-stretched&quot;,&quot;background_background&quot;:&quot;classic&quot;}\">\n\t\t\t\t\t\t<div class=\"elementor-container elementor-column-gap-default\">\n\t\t\t\t\t<div class=\"elementor-column elementor-col-50 elementor-top-column elementor-element elementor-element-7b60ff65\" data-id=\"7b60ff65\" data-element_type=\"column\" data-settings=\"{&quot;background_background&quot;:&quot;classic&quot;}\">\n\t\t\t<div class=\"elementor-widget-wrap elementor-element-populated\">\n\t\t\t\t\t\t\t\t<div class=\"elementor-element elementor-element-eb6f2c6 elementor-widget elementor-widget-spacer\" data-id=\"eb6f2c6\" data-element_type=\"widget\" data-widget_type=\"spacer.default\">\n\t\t\t\t<div class=\"elementor-widget-container\">\n\t\t\t<style>\/*! elementor - v3.14.0 - 26-06-2023 *\/\n.elementor-column .elementor-spacer-inner{height:var(--spacer-size)}.e-con{--container-widget-width:100%}.e-con-inner>.elementor-widget-spacer,.e-con>.elementor-widget-spacer{width:var(--container-widget-width,var(--spacer-size));--align-self:var(--container-widget-align-self,initial);--flex-shrink:0}.e-con-inner>.elementor-widget-spacer>.elementor-widget-container,.e-con-inner>.elementor-widget-spacer>.elementor-widget-container>.elementor-spacer,.e-con>.elementor-widget-spacer>.elementor-widget-container,.e-con>.elementor-widget-spacer>.elementor-widget-container>.elementor-spacer{height:100%}.e-con-inner>.elementor-widget-spacer>.elementor-widget-container>.elementor-spacer>.elementor-spacer-inner,.e-con>.elementor-widget-spacer>.elementor-widget-container>.elementor-spacer>.elementor-spacer-inner{height:var(--container-widget-height,var(--spacer-size))}<\/style>\t\t<div class=\"elementor-spacer\">\n\t\t\t<div class=\"elementor-spacer-inner\"><\/div>\n\t\t<\/div>\n\t\t\t\t<\/div>\n\t\t\t\t<\/div>\n\t\t\t\t\t<\/div>\n\t\t<\/div>\n\t\t\t\t<div class=\"elementor-column elementor-col-50 elementor-top-column elementor-element elementor-element-6d748c45\" data-id=\"6d748c45\" data-element_type=\"column\">\n\t\t\t<div class=\"elementor-widget-wrap elementor-element-populated\">\n\t\t\t\t\t\t\t\t<div class=\"elementor-element elementor-element-46f4cb18 elementor-widget elementor-widget-heading\" data-id=\"46f4cb18\" data-element_type=\"widget\" data-widget_type=\"heading.default\">\n\t\t\t\t<div class=\"elementor-widget-container\">\n\t\t\t<h1 class=\"elementor-heading-title elementor-size-default\">Su centro n\u00e1utico en <font color=\"#c6b47c\"><span style=\"caret-color: rgb(198, 180, 124);\">Baleares<\/span><\/font><\/h1>\t\t<\/div>\n\t\t\t\t<\/div>\n\t\t\t\t<section class=\"elementor-section elementor-inner-section elementor-element elementor-element-12e1ad22 elementor-section-full_width elementor-section-height-default elementor-section-height-default\" data-id=\"12e1ad22\" data-element_type=\"section\">\n\t\t\t\t\t\t<div class=\"elementor-container elementor-column-gap-default\">\n\t\t\t\t\t<div class=\"elementor-column elementor-col-100 elementor-inner-column elementor-element elementor-element-314dc62a\" data-id=\"314dc62a\" data-element_type=\"column\">\n\t\t\t<div class=\"elementor-widget-wrap elementor-element-populated\">\n\t\t\t\t\t\t\t\t<div class=\"elementor-element elementor-element-1768e98 elementor-widget elementor-widget-heading\" data-id=\"1768e98\" data-element_type=\"widget\" data-widget_type=\"heading.default\">\n\t\t\t\t<div class=\"elementor-widget-container\">\n\t\t\t<p class=\"elementor-heading-title elementor-size-default\">\u00bfQuiere ampliar sus horizontes n\u00e1uticos en el Mediterr\u00e1neo? Mallorca es la joya de la corona de las Islas Baleares. Con un litoral diverso, puertos deportivos de primera clase e infinitas oportunidades de exploraci\u00f3n, Mallorca es la base ideal para su pr\u00f3xima aventura n\u00e1utica.<\/p>\t\t<\/div>\n\t\t\t\t<\/div>\n\t\t\t\t\t<\/div>\n\t\t<\/div>\n\t\t\t\t\t\t\t<\/div>\n\t\t<\/section>\n\t\t\t\t\t<\/div>\n\t\t<\/div>\n\t\t\t\t\t\t\t<\/div>\n\t\t<\/section>\n\t\t\t\t<section class=\"elementor-section elementor-top-section elementor-element elementor-element-7cc8ead elementor-section-content-middle elementor-section-stretched elementor-section-boxed elementor-section-height-default elementor-section-height-default\" data-id=\"7cc8ead\" data-element_type=\"section\" data-settings=\"{&quot;stretch_section&quot;:&quot;section-stretched&quot;,&quot;background_background&quot;:&quot;classic&quot;}\">\n\t\t\t\t\t\t<div class=\"elementor-container elementor-column-gap-default\">\n\t\t\t\t\t<div class=\"elementor-column elementor-col-50 elementor-top-column elementor-element elementor-element-c59d1ea\" data-id=\"c59d1ea\" data-element_type=\"column\">\n\t\t\t<div class=\"elementor-widget-wrap elementor-element-populated\">\n\t\t\t\t\t\t\t\t<div class=\"elementor-element elementor-element-2da0b7c elementor-widget elementor-widget-heading\" data-id=\"2da0b7c\" data-element_type=\"widget\" data-widget_type=\"heading.default\">\n\t\t\t\t<div class=\"elementor-widget-container\">\n\t\t\t<h1 class=\"elementor-heading-title elementor-size-default\">\n          <span style=\"color:#c6b47c;\">Acerca de<\/span>\n        <\/h1>\t\t<\/div>\n\t\t\t\t<\/div>\n\t\t\t\t<section class=\"elementor-section elementor-inner-section elementor-element elementor-element-8cd658c elementor-section-full_width elementor-section-height-default elementor-section-height-default\" data-id=\"8cd658c\" data-element_type=\"section\">\n\t\t\t\t\t\t<div class=\"elementor-container elementor-column-gap-default\">\n\t\t\t\t\t<div class=\"elementor-column elementor-col-100 elementor-inner-column elementor-element elementor-element-2744890\" data-id=\"2744890\" data-element_type=\"column\">\n\t\t\t<div class=\"elementor-widget-wrap elementor-element-populated\">\n\t\t\t\t\t\t\t\t<div class=\"elementor-element elementor-element-099aa74 elementor-widget elementor-widget-heading\" data-id=\"099aa74\" data-element_type=\"widget\" data-widget_type=\"heading.default\">\n\t\t\t\t<div class=\"elementor-widget-container\">\n\t\t\t<p class=\"elementor-heading-title elementor-size-default\">Mallorca cuenta con 550 km de costa que ofrecen una gran variedad de experiencias de navegaci\u00f3n. Las bah\u00edas protegidas de la costa sureste ofrecen aguas tranquilas ideales para principiantes, mientras que la costa oeste ofrece vientos desafiantes y pasos en mar abierto para los m\u00e1s experimentados.<\/p>\t\t<\/div>\n\t\t\t\t<\/div>\n\t\t\t\t\t<\/div>\n\t\t<\/div>\n\t\t\t\t\t\t\t<\/div>\n\t\t<\/section>\n\t\t\t\t\t<\/div>\n\t\t<\/div>\n\t\t\t\t<div class=\"elementor-column elementor-col-50 elementor-top-column elementor-element elementor-element-9f9855c\" data-id=\"9f9855c\" data-element_type=\"column\" data-settings=\"{&quot;background_background&quot;:&quot;classic&quot;}\">\n\t\t\t<div class=\"elementor-widget-wrap elementor-element-populated\">\n\t\t\t\t\t\t\t\t<div class=\"elementor-element elementor-element-0e97d3d elementor-widget elementor-widget-spacer\" data-id=\"0e97d3d\" data-element_type=\"widget\" data-widget_type=\"spacer.default\">\n\t\t\t\t<div class=\"elementor-widget-container\">\n\t\t\t\t\t<div class=\"elementor-spacer\">\n\t\t\t<div class=\"elementor-spacer-inner\"><\/div>\n\t\t<\/div>\n\t\t\t\t<\/div>\n\t\t\t\t<\/div>\n\t\t\t\t\t<\/div>\n\t\t<\/div>\n\t\t\t\t\t\t\t<\/div>\n\t\t<\/section>\n\t\t\t\t<section class=\"elementor-section elementor-top-section elementor-element elementor-element-8cb19cc elementor-section-content-middle elementor-section-stretched elementor-section-boxed elementor-section-height-default elementor-section-height-default\" data-id=\"8cb19cc\" data-element_type=\"section\" data-settings=\"{&quot;stretch_section&quot;:&quot;section-stretched&quot;,&quot;background_background&quot;:&quot;classic&quot;}\">\n\t\t\t\t\t\t<div class=\"elementor-container elementor-column-gap-default\">\n\t\t\t\t\t<div class=\"elementor-column elementor-col-100 elementor-top-column elementor-element elementor-element-5bac114\" data-id=\"5bac114\" data-element_type=\"column\">\n\t\t\t<div class=\"elementor-widget-wrap elementor-element-populated\">\n\t\t\t\t\t\t\t\t<div class=\"elementor-element elementor-element-0e4ac1b elementor-widget elementor-widget-heading\" data-id=\"0e4ac1b\" data-element_type=\"widget\" data-widget_type=\"heading.default\">\n\t\t\t\t<div class=\"elementor-widget-container\">\n\t\t\t<h1 class=\"elementor-heading-title elementor-size-default\">Reserve una de las siguientes opciones de flota y \u00a1empiece su traves\u00eda!<\/h1>\t\t<\/div>\n\t\t\t\t<\/div>\n\t\t\t\t<section class=\"elementor-section elementor-inner-section elementor-element elementor-element-f482ae9 elementor-section-boxed elementor-section-height-default elementor-section-height-default\" data-id=\"f482ae9\" data-element_type=\"section\">\n\t\t\t\t\t\t<div class=\"elementor-container elementor-column-gap-default\">\n\t\t\t\t\t<div class=\"elementor-column elementor-col-100 elementor-inner-column elementor-element elementor-element-f7cd7ae\" data-id=\"f7cd7ae\" data-element_type=\"column\">\n\t\t\t<div class=\"elementor-widget-wrap elementor-element-populated\">\n\t\t\t\t\t\t\t\t<div class=\"elementor-element elementor-element-75ab425 elementor-widget elementor-widget-shortcode\" data-id=\"75ab425\" data-element_type=\"widget\" data-widget_type=\"shortcode.default\">\n\t\t\t\t<div class=\"elementor-widget-container\">\n\t\t\t\t\t<div class=\"elementor-shortcode\">\n          <div class=\"elementor-container elementor-column-gap-default similar-fleet-container\"><div class=\"fleetblock-col\">\n                            <div class=\"fleetblock-col-inner\">\n                                <a href=\"https:\/\/menorquin.com\/fleet\/buccara-menorquin-xvii\/\">\n                                    <div class=\"fleetblock-top\" style=\"background:url(https:\/\/menorquin.com\/wp-content\/uploads\/2023\/02\/Buccara-XIV-9-1.jpg)\">\n                                        &nbsp;\n                                    <\/div>\n                                    <div class=\"fleetblock-content\">\n                                        <h2>Buccara Menorquin XVII<\/h2>\n                                        <a class=\"book-btn\" href=\"https:\/\/menorquin.com\/fleet\/buccara-menorquin-xvii\/\">BOOK NOW<\/a>\n                                    <\/div>\n                                <\/a>\n                            <\/div>\n                        <\/div><div class=\"fleetblock-col\">\n                            <div class=\"fleetblock-col-inner\">\n                                <a href=\"https:\/\/menorquin.com\/fleet\/buccara-menorquin-viii\/\">\n                                    <div class=\"fleetblock-top\" style=\"background:url(https:\/\/menorquin.com\/wp-content\/uploads\/2023\/02\/Menorquin-VIII-1-1.webp)\">\n                                        &nbsp;\n                                    <\/div>\n                                    <div class=\"fleetblock-content\">\n                                        <h2>Buccara Menorquin VIII<\/h2>\n                                        <a class=\"book-btn\" href=\"https:\/\/menorquin.com\/fleet\/buccara-menorquin-viii\/\">BOOK NOW<\/a>\n                                    <\/div>\n                                <\/a>\n                            <\/div>\n                        <\/div><div class=\"fleetblock-col\">\n                            <div class=\"fleetblock-col-inner\">\n                                <a href=\"https:\/\/menorquin.com\/fleet\/the-buccara-menorquin-ix\/\">\n                                    <div class=\"fleetblock-top\" style=\"background:url(https:\/\/menorquin.com\/wp-content\/uploads\/2023\/02\/Menorquin-IX-3-1.webp)\">\n                                        &nbsp;\n                                    <\/div>\n                                    <div class=\"fleetblock-content\">\n                                        <h2>Buccara Menorquin IX<\/h2>\n                                        <a class=\"book-btn\" href=\"https:\/\/menorquin.com\/fleet\/the-buccara-menorquin-ix\/\">BOOK NOW<\/a>\n                                    <\/div>\n                                <\/a>\n                            <\/div>\n                        <\/div><\/div>\n        <\/div>\n\t\t\t\t<\/div>\n\t\t\t\t<\/div>\n\t\t\t\t\t<\/div>\n\t\t<\/div>\n\t\t\t\t\t\t\t<\/div>\n\t\t<\/section>\n\t\t\t\t\t<\/div>\n\t\t<\/div>\n\t\t\t\t\t\t\t<\/div>\n\t\t<\/section>\n\t\t\t\t\t\t\t<\/div>\n\t\t","protected":false},"excerpt":{"rendered":"<p>Mallorca Su centro n\u00e1utico en Baleares \u00bfQuiere ampliar sus horizontes n\u00e1uticos en el Mediterr\u00e1neo? Mallorca es la joya de la corona de las Islas Baleares. Con un litoral diverso, puertos deportivos de primera clase e infinitas oportunidades de exploraci\u00f3n, Mallorca es la base ideal para su pr\u00f3xima aventura n\u00e1utica. Acerca de Mallorca cuenta con 550 [&hellip;]<\/p>\n","protected":false},"author":2,"featured_media":0,"parent":17271,"menu_order":0,"comment_status":"closed","ping_status":"closed","template":"","meta":{"_acf_changed":false,"footnotes":""},"class_list":["post-17373","page","type-page","status-publish","hentry"],"acf":[],"aioseo_notices":[],"_links":{"self":[{"href":"https:\/\/menorquin.com\/es\/wp-json\/wp\/v2\/pages\/17373","targetHints":{"allow":["GET"]}}],"collection":[{"href":"https:\/\/menorquin.com\/es\/wp-json\/wp\/v2\/pages"}],"about":[{"href":"https:\/\/menorquin.com\/es\/wp-json\/wp\/v2\/types\/page"}],"author":[{"embeddable":true,"href":"https:\/\/menorquin.com\/es\/wp-json\/wp\/v2\/users\/2"}],"replies":[{"embeddable":true,"href":"https:\/\/menorquin.com\/es\/wp-json\/wp\/v2\/comments?post=17373"}],"version-history":[{"count":7,"href":"https:\/\/menorquin.com\/es\/wp-json\/wp\/v2\/pages\/17373\/revisions"}],"predecessor-version":[{"id":27384,"href":"https:\/\/menorquin.com\/es\/wp-json\/wp\/v2\/pages\/17373\/revisions\/27384"}],"up":[{"embeddable":true,"href":"https:\/\/menorquin.com\/es\/wp-json\/wp\/v2\/pages\/17271"}],"wp:attachment":[{"href":"https:\/\/menorquin.com\/es\/wp-json\/wp\/v2\/media?parent=17373"}],"curies":[{"name":"wp","href":"https:\/\/api.w.org\/{rel}","templated":true}]}}