{"id":17369,"date":"2023-02-01T12:24:23","date_gmt":"2023-02-01T10:24:23","guid":{"rendered":"https:\/\/buccara.com\/menorquin-inicio\/ubicaciones\/menorca\/"},"modified":"2023-06-20T08:53:11","modified_gmt":"2023-06-20T06:53:11","slug":"menorca","status":"publish","type":"page","link":"https:\/\/menorquin.com\/es\/menorquin-inicio\/ubicaciones\/menorca\/","title":{"rendered":"Menorca"},"content":{"rendered":"\t\t<div data-elementor-type=\"wp-page\" data-elementor-id=\"17369\" class=\"elementor elementor-17369 elementor-14790\">\n\t\t\t\t\t\t\t\t\t<section class=\"elementor-section elementor-top-section elementor-element elementor-element-45a632bf elementor-section-stretched elementor-section-content-middle elementor-section-boxed elementor-section-height-default elementor-section-height-default\" data-id=\"45a632bf\" data-element_type=\"section\" data-settings=\"{&quot;stretch_section&quot;:&quot;section-stretched&quot;,&quot;background_background&quot;:&quot;classic&quot;}\">\n\t\t\t\t\t\t\t<div class=\"elementor-background-overlay\"><\/div>\n\t\t\t\t\t\t\t<div class=\"elementor-container elementor-column-gap-default\">\n\t\t\t\t\t<div class=\"elementor-column elementor-col-100 elementor-top-column elementor-element elementor-element-7ed7bcea\" data-id=\"7ed7bcea\" data-element_type=\"column\">\n\t\t\t<div class=\"elementor-widget-wrap elementor-element-populated\">\n\t\t\t\t\t\t\t\t<div class=\"elementor-element elementor-element-3af9efd8 elementor-widget elementor-widget-heading\" data-id=\"3af9efd8\" data-element_type=\"widget\" data-widget_type=\"heading.default\">\n\t\t\t\t<div class=\"elementor-widget-container\">\n\t\t\t<style>\/*! elementor - v3.14.0 - 26-06-2023 *\/\n.elementor-heading-title{padding:0;margin:0;line-height:1}.elementor-widget-heading .elementor-heading-title[class*=elementor-size-]>a{color:inherit;font-size:inherit;line-height:inherit}.elementor-widget-heading .elementor-heading-title.elementor-size-small{font-size:15px}.elementor-widget-heading .elementor-heading-title.elementor-size-medium{font-size:19px}.elementor-widget-heading .elementor-heading-title.elementor-size-large{font-size:29px}.elementor-widget-heading .elementor-heading-title.elementor-size-xl{font-size:39px}.elementor-widget-heading .elementor-heading-title.elementor-size-xxl{font-size:59px}<\/style><h1 class=\"elementor-heading-title elementor-size-default\">MENORCA<\/h1>\t\t<\/div>\n\t\t\t\t<\/div>\n\t\t\t\t\t<\/div>\n\t\t<\/div>\n\t\t\t\t\t\t\t<\/div>\n\t\t<\/section>\n\t\t\t\t<section class=\"elementor-section elementor-top-section elementor-element elementor-element-3970322c elementor-section-content-middle elementor-section-stretched elementor-section-boxed elementor-section-height-default elementor-section-height-default\" data-id=\"3970322c\" data-element_type=\"section\" data-settings=\"{&quot;stretch_section&quot;:&quot;section-stretched&quot;,&quot;background_background&quot;:&quot;classic&quot;}\">\n\t\t\t\t\t\t<div class=\"elementor-container elementor-column-gap-default\">\n\t\t\t\t\t<div class=\"elementor-column elementor-col-50 elementor-top-column elementor-element elementor-element-7b60ff65\" data-id=\"7b60ff65\" data-element_type=\"column\" data-settings=\"{&quot;background_background&quot;:&quot;classic&quot;}\">\n\t\t\t<div class=\"elementor-widget-wrap elementor-element-populated\">\n\t\t\t\t\t\t\t\t<div class=\"elementor-element elementor-element-eb6f2c6 elementor-widget elementor-widget-spacer\" data-id=\"eb6f2c6\" data-element_type=\"widget\" data-widget_type=\"spacer.default\">\n\t\t\t\t<div class=\"elementor-widget-container\">\n\t\t\t<style>\/*! elementor - v3.14.0 - 26-06-2023 *\/\n.elementor-column .elementor-spacer-inner{height:var(--spacer-size)}.e-con{--container-widget-width:100%}.e-con-inner>.elementor-widget-spacer,.e-con>.elementor-widget-spacer{width:var(--container-widget-width,var(--spacer-size));--align-self:var(--container-widget-align-self,initial);--flex-shrink:0}.e-con-inner>.elementor-widget-spacer>.elementor-widget-container,.e-con-inner>.elementor-widget-spacer>.elementor-widget-container>.elementor-spacer,.e-con>.elementor-widget-spacer>.elementor-widget-container,.e-con>.elementor-widget-spacer>.elementor-widget-container>.elementor-spacer{height:100%}.e-con-inner>.elementor-widget-spacer>.elementor-widget-container>.elementor-spacer>.elementor-spacer-inner,.e-con>.elementor-widget-spacer>.elementor-widget-container>.elementor-spacer>.elementor-spacer-inner{height:var(--container-widget-height,var(--spacer-size))}<\/style>\t\t<div class=\"elementor-spacer\">\n\t\t\t<div class=\"elementor-spacer-inner\"><\/div>\n\t\t<\/div>\n\t\t\t\t<\/div>\n\t\t\t\t<\/div>\n\t\t\t\t\t<\/div>\n\t\t<\/div>\n\t\t\t\t<div class=\"elementor-column elementor-col-50 elementor-top-column elementor-element elementor-element-6d748c45\" data-id=\"6d748c45\" data-element_type=\"column\">\n\t\t\t<div class=\"elementor-widget-wrap elementor-element-populated\">\n\t\t\t\t\t\t\t\t<div class=\"elementor-element elementor-element-46f4cb18 elementor-widget elementor-widget-heading\" data-id=\"46f4cb18\" data-element_type=\"widget\" data-widget_type=\"heading.default\">\n\t\t\t\t<div class=\"elementor-widget-container\">\n\t\t\t<h1 class=\"elementor-heading-title elementor-size-default\"><span style=\"color:#c6b47c;\">Una experiencia inolvidable en tierra y en el agua,<\/span> donde encontrar\u00e1 un ambiente aut\u00e9ntico, hermoso y maravillosamente relajado.<\/h1>\t\t<\/div>\n\t\t\t\t<\/div>\n\t\t\t\t<section class=\"elementor-section elementor-inner-section elementor-element elementor-element-12e1ad22 elementor-section-full_width elementor-section-height-default elementor-section-height-default\" data-id=\"12e1ad22\" data-element_type=\"section\">\n\t\t\t\t\t\t<div class=\"elementor-container elementor-column-gap-default\">\n\t\t\t\t\t<div class=\"elementor-column elementor-col-100 elementor-inner-column elementor-element elementor-element-314dc62a\" data-id=\"314dc62a\" data-element_type=\"column\">\n\t\t\t<div class=\"elementor-widget-wrap elementor-element-populated\">\n\t\t\t\t\t\t\t\t<div class=\"elementor-element elementor-element-1768e98 elementor-widget elementor-widget-heading\" data-id=\"1768e98\" data-element_type=\"widget\" data-widget_type=\"heading.default\">\n\t\t\t\t<div class=\"elementor-widget-container\">\n\t\t\t<p class=\"elementor-heading-title elementor-size-default\">Aqu\u00ed encontrar\u00e1 que el estr\u00e9s es una palabra extranjera. En los 50 km de largo y\nEn esta isla de 17 km de ancho encontrar\u00e1 la paz y el relax que siempre ha deseado. La isla ofrece las condiciones perfectas para una estancia relajante y sin estr\u00e9s.<\/p>\t\t<\/div>\n\t\t\t\t<\/div>\n\t\t\t\t\t<\/div>\n\t\t<\/div>\n\t\t\t\t\t\t\t<\/div>\n\t\t<\/section>\n\t\t\t\t\t<\/div>\n\t\t<\/div>\n\t\t\t\t\t\t\t<\/div>\n\t\t<\/section>\n\t\t\t\t<section class=\"elementor-section elementor-top-section elementor-element elementor-element-7cc8ead elementor-section-content-middle elementor-section-stretched elementor-section-boxed elementor-section-height-default elementor-section-height-default\" data-id=\"7cc8ead\" data-element_type=\"section\" data-settings=\"{&quot;stretch_section&quot;:&quot;section-stretched&quot;,&quot;background_background&quot;:&quot;classic&quot;}\">\n\t\t\t\t\t\t<div class=\"elementor-container elementor-column-gap-default\">\n\t\t\t\t\t<div class=\"elementor-column elementor-col-50 elementor-top-column elementor-element elementor-element-c59d1ea\" data-id=\"c59d1ea\" data-element_type=\"column\">\n\t\t\t<div class=\"elementor-widget-wrap elementor-element-populated\">\n\t\t\t\t\t\t\t\t<div class=\"elementor-element elementor-element-2da0b7c elementor-widget elementor-widget-heading\" data-id=\"2da0b7c\" data-element_type=\"widget\" data-widget_type=\"heading.default\">\n\t\t\t\t<div class=\"elementor-widget-container\">\n\t\t\t<h1 class=\"elementor-heading-title elementor-size-default\">\n          <span style=\"color:#c6b47c;\">Acerca de<\/span>\n        <\/h1>\t\t<\/div>\n\t\t\t\t<\/div>\n\t\t\t\t<section class=\"elementor-section elementor-inner-section elementor-element elementor-element-8cd658c elementor-section-full_width elementor-section-height-default elementor-section-height-default\" data-id=\"8cd658c\" data-element_type=\"section\">\n\t\t\t\t\t\t<div class=\"elementor-container elementor-column-gap-default\">\n\t\t\t\t\t<div class=\"elementor-column elementor-col-100 elementor-inner-column elementor-element elementor-element-2744890\" data-id=\"2744890\" data-element_type=\"column\">\n\t\t\t<div class=\"elementor-widget-wrap elementor-element-populated\">\n\t\t\t\t\t\t\t\t<div class=\"elementor-element elementor-element-099aa74 elementor-widget elementor-widget-heading\" data-id=\"099aa74\" data-element_type=\"widget\" data-widget_type=\"heading.default\">\n\t\t\t\t<div class=\"elementor-widget-container\">\n\t\t\t<p class=\"elementor-heading-title elementor-size-default\">Esta Reserva de la Biosfera, reconocida por la UNESCO, se extiende a lo largo de la costa de Menorca. Aqu\u00ed encontrar\u00e1 numerosas playas y calas, como el Parque Natural de la Albufera des Grau, o el Arenal d'en Castell. Gracias al turismo sostenible, de especial importancia en Menorca, a menudo estar\u00e1 casi solo en las playas protegidas y podr\u00e1 experimentar el encanto original de la isla.<\/p>\t\t<\/div>\n\t\t\t\t<\/div>\n\t\t\t\t<div class=\"elementor-element elementor-element-99d6b97 elementor-widget elementor-widget-heading\" data-id=\"99d6b97\" data-element_type=\"widget\" data-widget_type=\"heading.default\">\n\t\t\t\t<div class=\"elementor-widget-container\">\n\t\t\t<p class=\"elementor-heading-title elementor-size-default\">Ya sea caldereta de langosta en el puerto de Fornells, queso de Mah\u00f3n, carne local o sobrasada, muchos restaurantes de la isla apuestan por la calidad de los productos ecol\u00f3gicos locales, \u00a1con una diferencia que degustar\u00e1!<\/p>\t\t<\/div>\n\t\t\t\t<\/div>\n\t\t\t\t\t<\/div>\n\t\t<\/div>\n\t\t\t\t\t\t\t<\/div>\n\t\t<\/section>\n\t\t\t\t\t<\/div>\n\t\t<\/div>\n\t\t\t\t<div class=\"elementor-column elementor-col-50 elementor-top-column elementor-element elementor-element-9f9855c\" data-id=\"9f9855c\" data-element_type=\"column\" data-settings=\"{&quot;background_background&quot;:&quot;classic&quot;}\">\n\t\t\t<div class=\"elementor-widget-wrap elementor-element-populated\">\n\t\t\t\t\t\t\t\t<div class=\"elementor-element elementor-element-0e97d3d elementor-widget elementor-widget-spacer\" data-id=\"0e97d3d\" data-element_type=\"widget\" data-widget_type=\"spacer.default\">\n\t\t\t\t<div class=\"elementor-widget-container\">\n\t\t\t\t\t<div class=\"elementor-spacer\">\n\t\t\t<div class=\"elementor-spacer-inner\"><\/div>\n\t\t<\/div>\n\t\t\t\t<\/div>\n\t\t\t\t<\/div>\n\t\t\t\t\t<\/div>\n\t\t<\/div>\n\t\t\t\t\t\t\t<\/div>\n\t\t<\/section>\n\t\t\t\t<section class=\"elementor-section elementor-top-section elementor-element elementor-element-8cb19cc elementor-section-content-middle elementor-section-stretched elementor-section-boxed elementor-section-height-default elementor-section-height-default\" data-id=\"8cb19cc\" data-element_type=\"section\" data-settings=\"{&quot;stretch_section&quot;:&quot;section-stretched&quot;,&quot;background_background&quot;:&quot;classic&quot;}\">\n\t\t\t\t\t\t<div class=\"elementor-container elementor-column-gap-default\">\n\t\t\t\t\t<div class=\"elementor-column elementor-col-100 elementor-top-column elementor-element elementor-element-5bac114\" data-id=\"5bac114\" data-element_type=\"column\">\n\t\t\t<div class=\"elementor-widget-wrap elementor-element-populated\">\n\t\t\t\t\t\t\t\t<div class=\"elementor-element elementor-element-0e4ac1b elementor-widget elementor-widget-heading\" data-id=\"0e4ac1b\" data-element_type=\"widget\" data-widget_type=\"heading.default\">\n\t\t\t\t<div class=\"elementor-widget-container\">\n\t\t\t<h1 class=\"elementor-heading-title elementor-size-default\">Reserve una de las siguientes opciones de flota y \u00a1empiece su viaje!<\/h1>\t\t<\/div>\n\t\t\t\t<\/div>\n\t\t\t\t<div class=\"elementor-element elementor-element-2224cd2 elementor-widget elementor-widget-shortcode\" data-id=\"2224cd2\" data-element_type=\"widget\" data-widget_type=\"shortcode.default\">\n\t\t\t\t<div class=\"elementor-widget-container\">\n\t\t\t\t\t<div class=\"elementor-shortcode\">\n          <div class=\"elementor-container elementor-column-gap-default similar-fleet-container\"><div class=\"fleetblock-col\">\n                            <div class=\"fleetblock-col-inner\">\n                                <a href=\"https:\/\/menorquin.com\/fleet\/the-buccara-menorquin-v\/\">\n                                    <div class=\"fleetblock-top\" style=\"background:url(https:\/\/menorquin.com\/wp-content\/uploads\/2023\/02\/Buccara-V-Exterior-1.webp)\">\n                                        &nbsp;\n                                    <\/div>\n                                    <div class=\"fleetblock-content\">\n                                        <h2>Buccara Menorquin V<\/h2>\n                                        <a class=\"book-btn\" href=\"https:\/\/menorquin.com\/fleet\/the-buccara-menorquin-v\/\">BOOK NOW<\/a>\n                                    <\/div>\n                                <\/a>\n                            <\/div>\n                        <\/div><div class=\"fleetblock-col\">\n                            <div class=\"fleetblock-col-inner\">\n                                <a href=\"https:\/\/menorquin.com\/fleet\/buccara-menorquin-vi\/\">\n                                    <div class=\"fleetblock-top\" style=\"background:url(https:\/\/menorquin.com\/wp-content\/uploads\/2023\/02\/Buccara-VI-2.webp)\">\n                                        &nbsp;\n                                    <\/div>\n                                    <div class=\"fleetblock-content\">\n                                        <h2>Buccara Menorquin VI<\/h2>\n                                        <a class=\"book-btn\" href=\"https:\/\/menorquin.com\/fleet\/buccara-menorquin-vi\/\">BOOK NOW<\/a>\n                                    <\/div>\n                                <\/a>\n                            <\/div>\n                        <\/div><div class=\"fleetblock-col\">\n                            <div class=\"fleetblock-col-inner\">\n                                <a href=\"https:\/\/menorquin.com\/fleet\/buccara-menorquin-xi\/\">\n                                    <div class=\"fleetblock-top\" style=\"background:url(https:\/\/menorquin.com\/wp-content\/uploads\/2023\/02\/menorquin-xi-1-2.webp)\">\n                                        &nbsp;\n                                    <\/div>\n                                    <div class=\"fleetblock-content\">\n                                        <h2>Buccara Menorquin XI<\/h2>\n                                        <a class=\"book-btn\" href=\"https:\/\/menorquin.com\/fleet\/buccara-menorquin-xi\/\">BOOK NOW<\/a>\n                                    <\/div>\n                                <\/a>\n                            <\/div>\n                        <\/div><div class=\"fleetblock-col\">\n                            <div class=\"fleetblock-col-inner\">\n                                <a href=\"https:\/\/menorquin.com\/fleet\/the-buccara-menorquin-xiv\/\">\n                                    <div class=\"fleetblock-top\" style=\"background:url(https:\/\/menorquin.com\/wp-content\/uploads\/2023\/02\/B_XIV_EXTERIOR-square.webp)\">\n                                        &nbsp;\n                                    <\/div>\n                                    <div class=\"fleetblock-content\">\n                                        <h2>Buccara Menorquin XIV<\/h2>\n                                        <a class=\"book-btn\" href=\"https:\/\/menorquin.com\/fleet\/the-buccara-menorquin-xiv\/\">BOOK NOW<\/a>\n                                    <\/div>\n                                <\/a>\n                            <\/div>\n                        <\/div><\/div>\n        <\/div>\n\t\t\t\t<\/div>\n\t\t\t\t<\/div>\n\t\t\t\t\t<\/div>\n\t\t<\/div>\n\t\t\t\t\t\t\t<\/div>\n\t\t<\/section>\n\t\t\t\t\t\t\t<\/div>\n\t\t","protected":false},"excerpt":{"rendered":"<p>MENORCA Una experiencia inolvidable en tierra y en el agua, donde encontrar\u00e1 un ambiente aut\u00e9ntico, hermoso y maravillosamente relajado. Aqu\u00ed encontrar\u00e1 que el estr\u00e9s es una palabra extranjera. En los 50 km de largo y En esta isla de 17 km de ancho encontrar\u00e1 la paz y el relax que siempre ha deseado. La isla [&hellip;]<\/p>\n","protected":false},"author":2,"featured_media":0,"parent":17271,"menu_order":0,"comment_status":"closed","ping_status":"closed","template":"","meta":{"_acf_changed":false,"footnotes":""},"class_list":["post-17369","page","type-page","status-publish","hentry"],"acf":[],"aioseo_notices":[],"_links":{"self":[{"href":"https:\/\/menorquin.com\/es\/wp-json\/wp\/v2\/pages\/17369","targetHints":{"allow":["GET"]}}],"collection":[{"href":"https:\/\/menorquin.com\/es\/wp-json\/wp\/v2\/pages"}],"about":[{"href":"https:\/\/menorquin.com\/es\/wp-json\/wp\/v2\/types\/page"}],"author":[{"embeddable":true,"href":"https:\/\/menorquin.com\/es\/wp-json\/wp\/v2\/users\/2"}],"replies":[{"embeddable":true,"href":"https:\/\/menorquin.com\/es\/wp-json\/wp\/v2\/comments?post=17369"}],"version-history":[{"count":2,"href":"https:\/\/menorquin.com\/es\/wp-json\/wp\/v2\/pages\/17369\/revisions"}],"predecessor-version":[{"id":20407,"href":"https:\/\/menorquin.com\/es\/wp-json\/wp\/v2\/pages\/17369\/revisions\/20407"}],"up":[{"embeddable":true,"href":"https:\/\/menorquin.com\/es\/wp-json\/wp\/v2\/pages\/17271"}],"wp:attachment":[{"href":"https:\/\/menorquin.com\/es\/wp-json\/wp\/v2\/media?parent=17369"}],"curies":[{"name":"wp","href":"https:\/\/api.w.org\/{rel}","templated":true}]}}