{"id":17361,"date":"2023-02-01T15:41:03","date_gmt":"2023-02-01T13:41:03","guid":{"rendered":"https:\/\/buccara.com\/menorquin-inicio\/ubicaciones\/mallorca\/"},"modified":"2023-06-20T08:49:59","modified_gmt":"2023-06-20T06:49:59","slug":"mallorca","status":"publish","type":"page","link":"https:\/\/menorquin.com\/es\/menorquin-inicio\/ubicaciones\/mallorca\/","title":{"rendered":"Suko\u0161an, Croacia"},"content":{"rendered":"\t\t<div data-elementor-type=\"wp-page\" data-elementor-id=\"17361\" class=\"elementor elementor-17361 elementor-14791\">\n\t\t\t\t\t\t\t\t\t<section class=\"elementor-section elementor-top-section elementor-element elementor-element-45a632bf elementor-section-stretched elementor-section-content-middle elementor-section-boxed elementor-section-height-default elementor-section-height-default\" data-id=\"45a632bf\" data-element_type=\"section\" data-settings=\"{&quot;stretch_section&quot;:&quot;section-stretched&quot;,&quot;background_background&quot;:&quot;classic&quot;}\">\n\t\t\t\t\t\t\t<div class=\"elementor-background-overlay\"><\/div>\n\t\t\t\t\t\t\t<div class=\"elementor-container elementor-column-gap-default\">\n\t\t\t\t\t<div class=\"elementor-column elementor-col-100 elementor-top-column elementor-element elementor-element-7ed7bcea\" data-id=\"7ed7bcea\" data-element_type=\"column\">\n\t\t\t<div class=\"elementor-widget-wrap elementor-element-populated\">\n\t\t\t\t\t\t\t\t<div class=\"elementor-element elementor-element-3af9efd8 elementor-widget elementor-widget-heading\" data-id=\"3af9efd8\" data-element_type=\"widget\" data-widget_type=\"heading.default\">\n\t\t\t\t<div class=\"elementor-widget-container\">\n\t\t\t<style>\/*! elementor - v3.14.0 - 26-06-2023 *\/\n.elementor-heading-title{padding:0;margin:0;line-height:1}.elementor-widget-heading .elementor-heading-title[class*=elementor-size-]>a{color:inherit;font-size:inherit;line-height:inherit}.elementor-widget-heading .elementor-heading-title.elementor-size-small{font-size:15px}.elementor-widget-heading .elementor-heading-title.elementor-size-medium{font-size:19px}.elementor-widget-heading .elementor-heading-title.elementor-size-large{font-size:29px}.elementor-widget-heading .elementor-heading-title.elementor-size-xl{font-size:39px}.elementor-widget-heading .elementor-heading-title.elementor-size-xxl{font-size:59px}<\/style><h1 class=\"elementor-heading-title elementor-size-default\">SUKO\u0160AN, CROACIA<\/h1>\t\t<\/div>\n\t\t\t\t<\/div>\n\t\t\t\t\t<\/div>\n\t\t<\/div>\n\t\t\t\t\t\t\t<\/div>\n\t\t<\/section>\n\t\t\t\t<section class=\"elementor-section elementor-top-section elementor-element elementor-element-3970322c elementor-section-content-middle elementor-section-stretched elementor-section-boxed elementor-section-height-default elementor-section-height-default\" data-id=\"3970322c\" data-element_type=\"section\" data-settings=\"{&quot;stretch_section&quot;:&quot;section-stretched&quot;,&quot;background_background&quot;:&quot;classic&quot;}\">\n\t\t\t\t\t\t<div class=\"elementor-container elementor-column-gap-default\">\n\t\t\t\t\t<div class=\"elementor-column elementor-col-50 elementor-top-column elementor-element elementor-element-7b60ff65\" data-id=\"7b60ff65\" data-element_type=\"column\" data-settings=\"{&quot;background_background&quot;:&quot;classic&quot;}\">\n\t\t\t<div class=\"elementor-widget-wrap elementor-element-populated\">\n\t\t\t\t\t\t\t\t<div class=\"elementor-element elementor-element-eb6f2c6 elementor-widget elementor-widget-spacer\" data-id=\"eb6f2c6\" data-element_type=\"widget\" data-widget_type=\"spacer.default\">\n\t\t\t\t<div class=\"elementor-widget-container\">\n\t\t\t<style>\/*! elementor - v3.14.0 - 26-06-2023 *\/\n.elementor-column .elementor-spacer-inner{height:var(--spacer-size)}.e-con{--container-widget-width:100%}.e-con-inner>.elementor-widget-spacer,.e-con>.elementor-widget-spacer{width:var(--container-widget-width,var(--spacer-size));--align-self:var(--container-widget-align-self,initial);--flex-shrink:0}.e-con-inner>.elementor-widget-spacer>.elementor-widget-container,.e-con-inner>.elementor-widget-spacer>.elementor-widget-container>.elementor-spacer,.e-con>.elementor-widget-spacer>.elementor-widget-container,.e-con>.elementor-widget-spacer>.elementor-widget-container>.elementor-spacer{height:100%}.e-con-inner>.elementor-widget-spacer>.elementor-widget-container>.elementor-spacer>.elementor-spacer-inner,.e-con>.elementor-widget-spacer>.elementor-widget-container>.elementor-spacer>.elementor-spacer-inner{height:var(--container-widget-height,var(--spacer-size))}<\/style>\t\t<div class=\"elementor-spacer\">\n\t\t\t<div class=\"elementor-spacer-inner\"><\/div>\n\t\t<\/div>\n\t\t\t\t<\/div>\n\t\t\t\t<\/div>\n\t\t\t\t\t<\/div>\n\t\t<\/div>\n\t\t\t\t<div class=\"elementor-column elementor-col-50 elementor-top-column elementor-element elementor-element-6d748c45\" data-id=\"6d748c45\" data-element_type=\"column\">\n\t\t\t<div class=\"elementor-widget-wrap elementor-element-populated\">\n\t\t\t\t\t\t\t\t<div class=\"elementor-element elementor-element-46f4cb18 elementor-widget elementor-widget-heading\" data-id=\"46f4cb18\" data-element_type=\"widget\" data-widget_type=\"heading.default\">\n\t\t\t\t<div class=\"elementor-widget-container\">\n\t\t\t<h1 class=\"elementor-heading-title elementor-size-default\">Suko\u0161an, la pintoresca localidad de la costa adri\u00e1tica de Croacia,<span style=\"color:#c6b47c;\">es un para\u00edso para los amantes de los yates.<\/span><\/h1>\t\t<\/div>\n\t\t\t\t<\/div>\n\t\t\t\t<section class=\"elementor-section elementor-inner-section elementor-element elementor-element-12e1ad22 elementor-section-full_width elementor-section-height-default elementor-section-height-default\" data-id=\"12e1ad22\" data-element_type=\"section\">\n\t\t\t\t\t\t<div class=\"elementor-container elementor-column-gap-default\">\n\t\t\t\t\t<div class=\"elementor-column elementor-col-100 elementor-inner-column elementor-element elementor-element-314dc62a\" data-id=\"314dc62a\" data-element_type=\"column\">\n\t\t\t<div class=\"elementor-widget-wrap elementor-element-populated\">\n\t\t\t\t\t\t\t\t<div class=\"elementor-element elementor-element-1768e98 elementor-widget elementor-widget-heading\" data-id=\"1768e98\" data-element_type=\"widget\" data-widget_type=\"heading.default\">\n\t\t\t\t<div class=\"elementor-widget-container\">\n\t\t\t<p class=\"elementor-heading-title elementor-size-default\">Surque las aguas azules y explore el archipi\u00e9lago de Dalmacia, con sus rec\u00f3nditas playas y espectaculares acantilados.<\/p>\t\t<\/div>\n\t\t\t\t<\/div>\n\t\t\t\t\t<\/div>\n\t\t<\/div>\n\t\t\t\t\t\t\t<\/div>\n\t\t<\/section>\n\t\t\t\t\t<\/div>\n\t\t<\/div>\n\t\t\t\t\t\t\t<\/div>\n\t\t<\/section>\n\t\t\t\t<section class=\"elementor-section elementor-top-section elementor-element elementor-element-7cc8ead elementor-section-content-middle elementor-section-stretched elementor-section-boxed elementor-section-height-default elementor-section-height-default\" data-id=\"7cc8ead\" data-element_type=\"section\" data-settings=\"{&quot;stretch_section&quot;:&quot;section-stretched&quot;,&quot;background_background&quot;:&quot;classic&quot;}\">\n\t\t\t\t\t\t<div class=\"elementor-container elementor-column-gap-default\">\n\t\t\t\t\t<div class=\"elementor-column elementor-col-50 elementor-top-column elementor-element elementor-element-c59d1ea\" data-id=\"c59d1ea\" data-element_type=\"column\">\n\t\t\t<div class=\"elementor-widget-wrap elementor-element-populated\">\n\t\t\t\t\t\t\t\t<div class=\"elementor-element elementor-element-2da0b7c elementor-widget elementor-widget-heading\" data-id=\"2da0b7c\" data-element_type=\"widget\" data-widget_type=\"heading.default\">\n\t\t\t\t<div class=\"elementor-widget-container\">\n\t\t\t<h1 class=\"elementor-heading-title elementor-size-default\">\n          <span style=\"color:#c6b47c;\">Acerca de<\/span>\n        <\/h1>\t\t<\/div>\n\t\t\t\t<\/div>\n\t\t\t\t<section class=\"elementor-section elementor-inner-section elementor-element elementor-element-8cd658c elementor-section-full_width elementor-section-height-default elementor-section-height-default\" data-id=\"8cd658c\" data-element_type=\"section\">\n\t\t\t\t\t\t<div class=\"elementor-container elementor-column-gap-default\">\n\t\t\t\t\t<div class=\"elementor-column elementor-col-100 elementor-inner-column elementor-element elementor-element-2744890\" data-id=\"2744890\" data-element_type=\"column\">\n\t\t\t<div class=\"elementor-widget-wrap elementor-element-populated\">\n\t\t\t\t\t\t\t\t<div class=\"elementor-element elementor-element-099aa74 elementor-widget elementor-widget-heading\" data-id=\"099aa74\" data-element_type=\"widget\" data-widget_type=\"heading.default\">\n\t\t\t\t<div class=\"elementor-widget-container\">\n\t\t\t<p class=\"elementor-heading-title elementor-size-default\">Enclavada a lo largo de la serena costa adri\u00e1tica de Croacia se encuentra la encantadora ciudad de Suko\u0161an, un para\u00edso para los que buscan una experiencia de navegaci\u00f3n suave y tranquila. Esta joya escondida le invita a abrazar el arte del slow yachting, donde el tiempo parece detenerse.\n\n<br><\/p>\t\t<\/div>\n\t\t\t\t<\/div>\n\t\t\t\t<div class=\"elementor-element elementor-element-99d6b97 elementor-widget elementor-widget-heading\" data-id=\"99d6b97\" data-element_type=\"widget\" data-widget_type=\"heading.default\">\n\t\t\t\t<div class=\"elementor-widget-container\">\n\t\t\t<p class=\"elementor-heading-title elementor-size-default\">Emb\u00e1rquese desde el cautivador puerto deportivo de Suko\u0161an en un viaje de tranquilidad y ocio. Deje que la suave brisa gu\u00ede a su menorqu\u00edn a lo largo de la pintoresca costa, permiti\u00e9ndole saborear cada impresionante vista. Sienta el r\u00edtmico vaiv\u00e9n del mar Adri\u00e1tico mientras se sumerge en un ambiente de felicidad absoluta.<br><\/p>\t\t<\/div>\n\t\t\t\t<\/div>\n\t\t\t\t<div class=\"elementor-element elementor-element-53d120f elementor-widget elementor-widget-heading\" data-id=\"53d120f\" data-element_type=\"widget\" data-widget_type=\"heading.default\">\n\t\t\t\t<div class=\"elementor-widget-container\">\n\t\t\t<p class=\"elementor-heading-title elementor-size-default\">Explore los tesoros ocultos del archipi\u00e9lago croata, donde le espera una belleza sin igual. Descubra el famoso Parque Nacional de Kornati, un fascinante laberinto de islas que rebosan esplendor natural. Pi\u00e9rdase en bah\u00edas solitarias, donde reinan la paz y la serenidad. Dese un refrescante chapuz\u00f3n en las aguas cristalinas y disfrute de la tranquilidad que le rodea.<\/p>\t\t<\/div>\n\t\t\t\t<\/div>\n\t\t\t\t\t<\/div>\n\t\t<\/div>\n\t\t\t\t\t\t\t<\/div>\n\t\t<\/section>\n\t\t\t\t\t<\/div>\n\t\t<\/div>\n\t\t\t\t<div class=\"elementor-column elementor-col-50 elementor-top-column elementor-element elementor-element-9f9855c\" data-id=\"9f9855c\" data-element_type=\"column\" data-settings=\"{&quot;background_background&quot;:&quot;classic&quot;}\">\n\t\t\t<div class=\"elementor-widget-wrap elementor-element-populated\">\n\t\t\t\t\t\t\t\t<div class=\"elementor-element elementor-element-0e97d3d elementor-widget elementor-widget-spacer\" data-id=\"0e97d3d\" data-element_type=\"widget\" data-widget_type=\"spacer.default\">\n\t\t\t\t<div class=\"elementor-widget-container\">\n\t\t\t\t\t<div class=\"elementor-spacer\">\n\t\t\t<div class=\"elementor-spacer-inner\"><\/div>\n\t\t<\/div>\n\t\t\t\t<\/div>\n\t\t\t\t<\/div>\n\t\t\t\t\t<\/div>\n\t\t<\/div>\n\t\t\t\t\t\t\t<\/div>\n\t\t<\/section>\n\t\t\t\t<section class=\"elementor-section elementor-top-section elementor-element elementor-element-8cb19cc elementor-section-content-middle elementor-section-stretched elementor-section-boxed elementor-section-height-default elementor-section-height-default\" data-id=\"8cb19cc\" data-element_type=\"section\" data-settings=\"{&quot;stretch_section&quot;:&quot;section-stretched&quot;,&quot;background_background&quot;:&quot;classic&quot;}\">\n\t\t\t\t\t\t<div class=\"elementor-container elementor-column-gap-default\">\n\t\t\t\t\t<div class=\"elementor-column elementor-col-100 elementor-top-column elementor-element elementor-element-5bac114\" data-id=\"5bac114\" data-element_type=\"column\">\n\t\t\t<div class=\"elementor-widget-wrap elementor-element-populated\">\n\t\t\t\t\t\t\t\t<div class=\"elementor-element elementor-element-0e4ac1b elementor-widget elementor-widget-heading\" data-id=\"0e4ac1b\" data-element_type=\"widget\" data-widget_type=\"heading.default\">\n\t\t\t\t<div class=\"elementor-widget-container\">\n\t\t\t<h1 class=\"elementor-heading-title elementor-size-default\">Reserve una de las siguientes opciones de flota y \u00a1empiece su traves\u00eda!<\/h1>\t\t<\/div>\n\t\t\t\t<\/div>\n\t\t\t\t<section class=\"elementor-section elementor-inner-section elementor-element elementor-element-cc8dc0d elementor-section-boxed elementor-section-height-default elementor-section-height-default\" data-id=\"cc8dc0d\" data-element_type=\"section\">\n\t\t\t\t\t\t<div class=\"elementor-container elementor-column-gap-default\">\n\t\t\t\t\t<div class=\"elementor-column elementor-col-100 elementor-inner-column elementor-element elementor-element-8838179\" data-id=\"8838179\" data-element_type=\"column\">\n\t\t\t<div class=\"elementor-widget-wrap elementor-element-populated\">\n\t\t\t\t\t\t\t\t<div class=\"elementor-element elementor-element-7b26a80 elementor-widget elementor-widget-shortcode\" data-id=\"7b26a80\" data-element_type=\"widget\" data-widget_type=\"shortcode.default\">\n\t\t\t\t<div class=\"elementor-widget-container\">\n\t\t\t\t\t<div class=\"elementor-shortcode\">\n          <div class=\"elementor-container elementor-column-gap-default similar-fleet-container\"><div class=\"fleetblock-col\">\n                            <div class=\"fleetblock-col-inner\">\n                                <a href=\"https:\/\/menorquin.com\/fleet\/buccara-menorquin-xvi\/\">\n                                    <div class=\"fleetblock-top\" style=\"background:url(https:\/\/menorquin.com\/wp-content\/uploads\/2023\/06\/buccara-33-scaled.jpg)\">\n                                        &nbsp;\n                                    <\/div>\n                                    <div class=\"fleetblock-content\">\n                                        <h2>Buccara Menorquin XVI<\/h2>\n                                        <a class=\"book-btn\" href=\"https:\/\/menorquin.com\/fleet\/buccara-menorquin-xvi\/\">BOOK NOW<\/a>\n                                    <\/div>\n                                <\/a>\n                            <\/div>\n                        <\/div><div class=\"fleetblock-col\">\n                            <div class=\"fleetblock-col-inner\">\n                                <a href=\"https:\/\/menorquin.com\/fleet\/buccara-menorquin-xviii\/\">\n                                    <div class=\"fleetblock-top\" style=\"background:url(https:\/\/menorquin.com\/wp-content\/uploads\/2023\/06\/buccara-3-scaled.jpg)\">\n                                        &nbsp;\n                                    <\/div>\n                                    <div class=\"fleetblock-content\">\n                                        <h2>Buccara Menorquin XVIII<\/h2>\n                                        <a class=\"book-btn\" href=\"https:\/\/menorquin.com\/fleet\/buccara-menorquin-xviii\/\">BOOK NOW<\/a>\n                                    <\/div>\n                                <\/a>\n                            <\/div>\n                        <\/div><\/div>\n        <\/div>\n\t\t\t\t<\/div>\n\t\t\t\t<\/div>\n\t\t\t\t\t<\/div>\n\t\t<\/div>\n\t\t\t\t\t\t\t<\/div>\n\t\t<\/section>\n\t\t\t\t\t<\/div>\n\t\t<\/div>\n\t\t\t\t\t\t\t<\/div>\n\t\t<\/section>\n\t\t\t\t\t\t\t<\/div>\n\t\t","protected":false},"excerpt":{"rendered":"<p>SUKO\u0160AN, CROACIA Suko\u0161an, la pintoresca localidad de la costa adri\u00e1tica de Croacia,es un para\u00edso para los amantes de los yates. Surque las aguas azules y explore el archipi\u00e9lago de Dalmacia, con sus rec\u00f3nditas playas y espectaculares acantilados. Acerca de Enclavada a lo largo de la serena costa adri\u00e1tica de Croacia se encuentra la encantadora ciudad [&hellip;]<\/p>\n","protected":false},"author":2,"featured_media":0,"parent":17271,"menu_order":0,"comment_status":"closed","ping_status":"closed","template":"","meta":{"_acf_changed":false,"footnotes":""},"class_list":["post-17361","page","type-page","status-publish","hentry"],"acf":[],"aioseo_notices":[],"_links":{"self":[{"href":"https:\/\/menorquin.com\/es\/wp-json\/wp\/v2\/pages\/17361","targetHints":{"allow":["GET"]}}],"collection":[{"href":"https:\/\/menorquin.com\/es\/wp-json\/wp\/v2\/pages"}],"about":[{"href":"https:\/\/menorquin.com\/es\/wp-json\/wp\/v2\/types\/page"}],"author":[{"embeddable":true,"href":"https:\/\/menorquin.com\/es\/wp-json\/wp\/v2\/users\/2"}],"replies":[{"embeddable":true,"href":"https:\/\/menorquin.com\/es\/wp-json\/wp\/v2\/comments?post=17361"}],"version-history":[{"count":9,"href":"https:\/\/menorquin.com\/es\/wp-json\/wp\/v2\/pages\/17361\/revisions"}],"predecessor-version":[{"id":20406,"href":"https:\/\/menorquin.com\/es\/wp-json\/wp\/v2\/pages\/17361\/revisions\/20406"}],"up":[{"embeddable":true,"href":"https:\/\/menorquin.com\/es\/wp-json\/wp\/v2\/pages\/17271"}],"wp:attachment":[{"href":"https:\/\/menorquin.com\/es\/wp-json\/wp\/v2\/media?parent=17361"}],"curies":[{"name":"wp","href":"https:\/\/api.w.org\/{rel}","templated":true}]}}