{"id":17367,"date":"2023-02-01T12:24:23","date_gmt":"2023-02-01T10:24:23","guid":{"rendered":"https:\/\/buccara.com\/menorquinisches-haus\/standorte\/menorca\/"},"modified":"2023-06-20T09:56:42","modified_gmt":"2023-06-20T07:56:42","slug":"menorca","status":"publish","type":"page","link":"https:\/\/menorquin.com\/de\/menorquinisches-haus\/standorte\/menorca\/","title":{"rendered":"Menorca"},"content":{"rendered":"\t\t<div data-elementor-type=\"wp-page\" data-elementor-id=\"17367\" class=\"elementor elementor-17367 elementor-14790\">\n\t\t\t\t\t\t\t\t\t<section class=\"elementor-section elementor-top-section elementor-element elementor-element-45a632bf elementor-section-stretched elementor-section-content-middle elementor-section-boxed elementor-section-height-default elementor-section-height-default\" data-id=\"45a632bf\" data-element_type=\"section\" data-settings=\"{&quot;stretch_section&quot;:&quot;section-stretched&quot;,&quot;background_background&quot;:&quot;classic&quot;}\">\n\t\t\t\t\t\t\t<div class=\"elementor-background-overlay\"><\/div>\n\t\t\t\t\t\t\t<div class=\"elementor-container elementor-column-gap-default\">\n\t\t\t\t\t<div class=\"elementor-column elementor-col-100 elementor-top-column elementor-element elementor-element-7ed7bcea\" data-id=\"7ed7bcea\" data-element_type=\"column\">\n\t\t\t<div class=\"elementor-widget-wrap elementor-element-populated\">\n\t\t\t\t\t\t\t\t<div class=\"elementor-element elementor-element-3af9efd8 elementor-widget elementor-widget-heading\" data-id=\"3af9efd8\" data-element_type=\"widget\" data-widget_type=\"heading.default\">\n\t\t\t\t<div class=\"elementor-widget-container\">\n\t\t\t<style>\/*! elementor - v3.14.0 - 26-06-2023 *\/\n.elementor-heading-title{padding:0;margin:0;line-height:1}.elementor-widget-heading .elementor-heading-title[class*=elementor-size-]>a{color:inherit;font-size:inherit;line-height:inherit}.elementor-widget-heading .elementor-heading-title.elementor-size-small{font-size:15px}.elementor-widget-heading .elementor-heading-title.elementor-size-medium{font-size:19px}.elementor-widget-heading .elementor-heading-title.elementor-size-large{font-size:29px}.elementor-widget-heading .elementor-heading-title.elementor-size-xl{font-size:39px}.elementor-widget-heading .elementor-heading-title.elementor-size-xxl{font-size:59px}<\/style><h1 class=\"elementor-heading-title elementor-size-default\">MENORCA<\/h1>\t\t<\/div>\n\t\t\t\t<\/div>\n\t\t\t\t\t<\/div>\n\t\t<\/div>\n\t\t\t\t\t\t\t<\/div>\n\t\t<\/section>\n\t\t\t\t<section class=\"elementor-section elementor-top-section elementor-element elementor-element-3970322c elementor-section-content-middle elementor-section-stretched elementor-section-boxed elementor-section-height-default elementor-section-height-default\" data-id=\"3970322c\" data-element_type=\"section\" data-settings=\"{&quot;stretch_section&quot;:&quot;section-stretched&quot;,&quot;background_background&quot;:&quot;classic&quot;}\">\n\t\t\t\t\t\t<div class=\"elementor-container elementor-column-gap-default\">\n\t\t\t\t\t<div class=\"elementor-column elementor-col-50 elementor-top-column elementor-element elementor-element-7b60ff65\" data-id=\"7b60ff65\" data-element_type=\"column\" data-settings=\"{&quot;background_background&quot;:&quot;classic&quot;}\">\n\t\t\t<div class=\"elementor-widget-wrap elementor-element-populated\">\n\t\t\t\t\t\t\t\t<div class=\"elementor-element elementor-element-eb6f2c6 elementor-widget elementor-widget-spacer\" data-id=\"eb6f2c6\" data-element_type=\"widget\" data-widget_type=\"spacer.default\">\n\t\t\t\t<div class=\"elementor-widget-container\">\n\t\t\t<style>\/*! elementor - v3.14.0 - 26-06-2023 *\/\n.elementor-column .elementor-spacer-inner{height:var(--spacer-size)}.e-con{--container-widget-width:100%}.e-con-inner>.elementor-widget-spacer,.e-con>.elementor-widget-spacer{width:var(--container-widget-width,var(--spacer-size));--align-self:var(--container-widget-align-self,initial);--flex-shrink:0}.e-con-inner>.elementor-widget-spacer>.elementor-widget-container,.e-con-inner>.elementor-widget-spacer>.elementor-widget-container>.elementor-spacer,.e-con>.elementor-widget-spacer>.elementor-widget-container,.e-con>.elementor-widget-spacer>.elementor-widget-container>.elementor-spacer{height:100%}.e-con-inner>.elementor-widget-spacer>.elementor-widget-container>.elementor-spacer>.elementor-spacer-inner,.e-con>.elementor-widget-spacer>.elementor-widget-container>.elementor-spacer>.elementor-spacer-inner{height:var(--container-widget-height,var(--spacer-size))}<\/style>\t\t<div class=\"elementor-spacer\">\n\t\t\t<div class=\"elementor-spacer-inner\"><\/div>\n\t\t<\/div>\n\t\t\t\t<\/div>\n\t\t\t\t<\/div>\n\t\t\t\t\t<\/div>\n\t\t<\/div>\n\t\t\t\t<div class=\"elementor-column elementor-col-50 elementor-top-column elementor-element elementor-element-6d748c45\" data-id=\"6d748c45\" data-element_type=\"column\">\n\t\t\t<div class=\"elementor-widget-wrap elementor-element-populated\">\n\t\t\t\t\t\t\t\t<div class=\"elementor-element elementor-element-46f4cb18 elementor-widget elementor-widget-heading\" data-id=\"46f4cb18\" data-element_type=\"widget\" data-widget_type=\"heading.default\">\n\t\t\t\t<div class=\"elementor-widget-container\">\n\t\t\t<h1 class=\"elementor-heading-title elementor-size-default\"><span style=\"color:#c6b47c;\">Ein unvergessliches Erlebnis an Land und im Wasser,<\/span> wo Sie eine authentische, sch\u00f6ne und wunderbar entspannte Atmosph\u00e4re vorfinden werden.<\/h1>\t\t<\/div>\n\t\t\t\t<\/div>\n\t\t\t\t<section class=\"elementor-section elementor-inner-section elementor-element elementor-element-12e1ad22 elementor-section-full_width elementor-section-height-default elementor-section-height-default\" data-id=\"12e1ad22\" data-element_type=\"section\">\n\t\t\t\t\t\t<div class=\"elementor-container elementor-column-gap-default\">\n\t\t\t\t\t<div class=\"elementor-column elementor-col-100 elementor-inner-column elementor-element elementor-element-314dc62a\" data-id=\"314dc62a\" data-element_type=\"column\">\n\t\t\t<div class=\"elementor-widget-wrap elementor-element-populated\">\n\t\t\t\t\t\t\t\t<div class=\"elementor-element elementor-element-1768e98 elementor-widget elementor-widget-heading\" data-id=\"1768e98\" data-element_type=\"widget\" data-widget_type=\"heading.default\">\n\t\t\t\t<div class=\"elementor-widget-container\">\n\t\t\t<p class=\"elementor-heading-title elementor-size-default\">Hier werden Sie feststellen, dass Stress ein Fremdwort ist. Auf der 50 km langen und\nAuf der 17 km breiten Insel finden Sie die Ruhe und Entspannung, die Sie sich schon immer gew\u00fcnscht haben. Die Insel bietet perfekte Bedingungen f\u00fcr einen entspannten und stressfreien Aufenthalt.<\/p>\t\t<\/div>\n\t\t\t\t<\/div>\n\t\t\t\t\t<\/div>\n\t\t<\/div>\n\t\t\t\t\t\t\t<\/div>\n\t\t<\/section>\n\t\t\t\t\t<\/div>\n\t\t<\/div>\n\t\t\t\t\t\t\t<\/div>\n\t\t<\/section>\n\t\t\t\t<section class=\"elementor-section elementor-top-section elementor-element elementor-element-7cc8ead elementor-section-content-middle elementor-section-stretched elementor-section-boxed elementor-section-height-default elementor-section-height-default\" data-id=\"7cc8ead\" data-element_type=\"section\" data-settings=\"{&quot;stretch_section&quot;:&quot;section-stretched&quot;,&quot;background_background&quot;:&quot;classic&quot;}\">\n\t\t\t\t\t\t<div class=\"elementor-container elementor-column-gap-default\">\n\t\t\t\t\t<div class=\"elementor-column elementor-col-50 elementor-top-column elementor-element elementor-element-c59d1ea\" data-id=\"c59d1ea\" data-element_type=\"column\">\n\t\t\t<div class=\"elementor-widget-wrap elementor-element-populated\">\n\t\t\t\t\t\t\t\t<div class=\"elementor-element elementor-element-2da0b7c elementor-widget elementor-widget-heading\" data-id=\"2da0b7c\" data-element_type=\"widget\" data-widget_type=\"heading.default\">\n\t\t\t\t<div class=\"elementor-widget-container\">\n\t\t\t<h1 class=\"elementor-heading-title elementor-size-default\">\n          <span style=\"color:#c6b47c;\">\u00dcber<\/span>\n        <\/h1>\t\t<\/div>\n\t\t\t\t<\/div>\n\t\t\t\t<section class=\"elementor-section elementor-inner-section elementor-element elementor-element-8cd658c elementor-section-full_width elementor-section-height-default elementor-section-height-default\" data-id=\"8cd658c\" data-element_type=\"section\">\n\t\t\t\t\t\t<div class=\"elementor-container elementor-column-gap-default\">\n\t\t\t\t\t<div class=\"elementor-column elementor-col-100 elementor-inner-column elementor-element elementor-element-2744890\" data-id=\"2744890\" data-element_type=\"column\">\n\t\t\t<div class=\"elementor-widget-wrap elementor-element-populated\">\n\t\t\t\t\t\t\t\t<div class=\"elementor-element elementor-element-099aa74 elementor-widget elementor-widget-heading\" data-id=\"099aa74\" data-element_type=\"widget\" data-widget_type=\"heading.default\">\n\t\t\t\t<div class=\"elementor-widget-container\">\n\t\t\t<p class=\"elementor-heading-title elementor-size-default\">Dieses von der UNESCO anerkannte Biosph\u00e4renreservat erstreckt sich entlang der K\u00fcste von Menorca. Hier finden Sie zahlreiche Str\u00e4nde und Buchten, wie den Naturpark Albufera des Grau oder Arenal d'en Castell. Dank des nachhaltigen Tourismus, der auf Menorca von besonderer Bedeutung ist, ist man an den gesch\u00fctzten Str\u00e4nden oft fast allein und kann den urspr\u00fcnglichen Charme der Insel erleben.<\/p>\t\t<\/div>\n\t\t\t\t<\/div>\n\t\t\t\t<div class=\"elementor-element elementor-element-99d6b97 elementor-widget elementor-widget-heading\" data-id=\"99d6b97\" data-element_type=\"widget\" data-widget_type=\"heading.default\">\n\t\t\t\t<div class=\"elementor-widget-container\">\n\t\t\t<p class=\"elementor-heading-title elementor-size-default\">Ob Hummereintopf im Hafen von Fornells, K\u00e4se aus Mahon, einheimisches Fleisch oder Sobrasada, viele Restaurants auf der Insel setzen auf die Qualit\u00e4t lokaler Bioprodukte, und das schmeckt man!<\/p>\t\t<\/div>\n\t\t\t\t<\/div>\n\t\t\t\t\t<\/div>\n\t\t<\/div>\n\t\t\t\t\t\t\t<\/div>\n\t\t<\/section>\n\t\t\t\t\t<\/div>\n\t\t<\/div>\n\t\t\t\t<div class=\"elementor-column elementor-col-50 elementor-top-column elementor-element elementor-element-9f9855c\" data-id=\"9f9855c\" data-element_type=\"column\" data-settings=\"{&quot;background_background&quot;:&quot;classic&quot;}\">\n\t\t\t<div class=\"elementor-widget-wrap elementor-element-populated\">\n\t\t\t\t\t\t\t\t<div class=\"elementor-element elementor-element-0e97d3d elementor-widget elementor-widget-spacer\" data-id=\"0e97d3d\" data-element_type=\"widget\" data-widget_type=\"spacer.default\">\n\t\t\t\t<div class=\"elementor-widget-container\">\n\t\t\t\t\t<div class=\"elementor-spacer\">\n\t\t\t<div class=\"elementor-spacer-inner\"><\/div>\n\t\t<\/div>\n\t\t\t\t<\/div>\n\t\t\t\t<\/div>\n\t\t\t\t\t<\/div>\n\t\t<\/div>\n\t\t\t\t\t\t\t<\/div>\n\t\t<\/section>\n\t\t\t\t<section class=\"elementor-section elementor-top-section elementor-element elementor-element-8cb19cc elementor-section-content-middle elementor-section-stretched elementor-section-boxed elementor-section-height-default elementor-section-height-default\" data-id=\"8cb19cc\" data-element_type=\"section\" data-settings=\"{&quot;stretch_section&quot;:&quot;section-stretched&quot;,&quot;background_background&quot;:&quot;classic&quot;}\">\n\t\t\t\t\t\t<div class=\"elementor-container elementor-column-gap-default\">\n\t\t\t\t\t<div class=\"elementor-column elementor-col-100 elementor-top-column elementor-element elementor-element-5bac114\" data-id=\"5bac114\" data-element_type=\"column\">\n\t\t\t<div class=\"elementor-widget-wrap elementor-element-populated\">\n\t\t\t\t\t\t\t\t<div class=\"elementor-element elementor-element-0e4ac1b elementor-widget elementor-widget-heading\" data-id=\"0e4ac1b\" data-element_type=\"widget\" data-widget_type=\"heading.default\">\n\t\t\t\t<div class=\"elementor-widget-container\">\n\t\t\t<h1 class=\"elementor-heading-title elementor-size-default\">Buchen Sie eine der unten aufgef\u00fchrten Flottenoptionen und beginnen Sie Ihre Reise!<\/h1>\t\t<\/div>\n\t\t\t\t<\/div>\n\t\t\t\t<div class=\"elementor-element elementor-element-2224cd2 elementor-widget elementor-widget-shortcode\" data-id=\"2224cd2\" data-element_type=\"widget\" data-widget_type=\"shortcode.default\">\n\t\t\t\t<div class=\"elementor-widget-container\">\n\t\t\t\t\t<div class=\"elementor-shortcode\">\n          <div class=\"elementor-container elementor-column-gap-default similar-fleet-container\"><div class=\"fleetblock-col\">\n                            <div class=\"fleetblock-col-inner\">\n                                <a href=\"https:\/\/menorquin.com\/fleet\/the-buccara-menorquin-v\/\">\n                                    <div class=\"fleetblock-top\" style=\"background:url(https:\/\/menorquin.com\/wp-content\/uploads\/2023\/02\/Buccara-V-Exterior-1.webp)\">\n                                        &nbsp;\n                                    <\/div>\n                                    <div class=\"fleetblock-content\">\n                                        <h2>Buccara Menorquin V<\/h2>\n                                        <a class=\"book-btn\" href=\"https:\/\/menorquin.com\/fleet\/the-buccara-menorquin-v\/\">BOOK NOW<\/a>\n                                    <\/div>\n                                <\/a>\n                            <\/div>\n                        <\/div><div class=\"fleetblock-col\">\n                            <div class=\"fleetblock-col-inner\">\n                                <a href=\"https:\/\/menorquin.com\/fleet\/buccara-menorquin-vi\/\">\n                                    <div class=\"fleetblock-top\" style=\"background:url(https:\/\/menorquin.com\/wp-content\/uploads\/2023\/02\/Buccara-VI-2.webp)\">\n                                        &nbsp;\n                                    <\/div>\n                                    <div class=\"fleetblock-content\">\n                                        <h2>Buccara Menorquin VI<\/h2>\n                                        <a class=\"book-btn\" href=\"https:\/\/menorquin.com\/fleet\/buccara-menorquin-vi\/\">BOOK NOW<\/a>\n                                    <\/div>\n                                <\/a>\n                            <\/div>\n                        <\/div><div class=\"fleetblock-col\">\n                            <div class=\"fleetblock-col-inner\">\n                                <a href=\"https:\/\/menorquin.com\/fleet\/buccara-menorquin-xi\/\">\n                                    <div class=\"fleetblock-top\" style=\"background:url(https:\/\/menorquin.com\/wp-content\/uploads\/2023\/02\/menorquin-xi-1-2.webp)\">\n                                        &nbsp;\n                                    <\/div>\n                                    <div class=\"fleetblock-content\">\n                                        <h2>Buccara Menorquin XI<\/h2>\n                                        <a class=\"book-btn\" href=\"https:\/\/menorquin.com\/fleet\/buccara-menorquin-xi\/\">BOOK NOW<\/a>\n                                    <\/div>\n                                <\/a>\n                            <\/div>\n                        <\/div><div class=\"fleetblock-col\">\n                            <div class=\"fleetblock-col-inner\">\n                                <a href=\"https:\/\/menorquin.com\/fleet\/the-buccara-menorquin-xiv\/\">\n                                    <div class=\"fleetblock-top\" style=\"background:url(https:\/\/menorquin.com\/wp-content\/uploads\/2023\/02\/B_XIV_EXTERIOR-square.webp)\">\n                                        &nbsp;\n                                    <\/div>\n                                    <div class=\"fleetblock-content\">\n                                        <h2>Buccara Menorquin XIV<\/h2>\n                                        <a class=\"book-btn\" href=\"https:\/\/menorquin.com\/fleet\/the-buccara-menorquin-xiv\/\">BOOK NOW<\/a>\n                                    <\/div>\n                                <\/a>\n                            <\/div>\n                        <\/div><\/div>\n        <\/div>\n\t\t\t\t<\/div>\n\t\t\t\t<\/div>\n\t\t\t\t\t<\/div>\n\t\t<\/div>\n\t\t\t\t\t\t\t<\/div>\n\t\t<\/section>\n\t\t\t\t\t\t\t<\/div>\n\t\t","protected":false},"excerpt":{"rendered":"<p>MENORCA Ein unvergessliches Erlebnis an Land und im Wasser, wo Sie eine authentische, sch\u00f6ne und wunderbar entspannte Atmosph\u00e4re vorfinden werden. Hier werden Sie feststellen, dass Stress ein Fremdwort ist. Auf der 50 km langen und Auf der 17 km breiten Insel finden Sie die Ruhe und Entspannung, die Sie sich schon immer gew\u00fcnscht haben. Die [&hellip;]<\/p>\n","protected":false},"author":2,"featured_media":0,"parent":17269,"menu_order":0,"comment_status":"closed","ping_status":"closed","template":"","meta":{"_acf_changed":false,"footnotes":""},"class_list":["post-17367","page","type-page","status-publish","hentry"],"acf":[],"aioseo_notices":[],"_links":{"self":[{"href":"https:\/\/menorquin.com\/de\/wp-json\/wp\/v2\/pages\/17367","targetHints":{"allow":["GET"]}}],"collection":[{"href":"https:\/\/menorquin.com\/de\/wp-json\/wp\/v2\/pages"}],"about":[{"href":"https:\/\/menorquin.com\/de\/wp-json\/wp\/v2\/types\/page"}],"author":[{"embeddable":true,"href":"https:\/\/menorquin.com\/de\/wp-json\/wp\/v2\/users\/2"}],"replies":[{"embeddable":true,"href":"https:\/\/menorquin.com\/de\/wp-json\/wp\/v2\/comments?post=17367"}],"version-history":[{"count":2,"href":"https:\/\/menorquin.com\/de\/wp-json\/wp\/v2\/pages\/17367\/revisions"}],"predecessor-version":[{"id":20437,"href":"https:\/\/menorquin.com\/de\/wp-json\/wp\/v2\/pages\/17367\/revisions\/20437"}],"up":[{"embeddable":true,"href":"https:\/\/menorquin.com\/de\/wp-json\/wp\/v2\/pages\/17269"}],"wp:attachment":[{"href":"https:\/\/menorquin.com\/de\/wp-json\/wp\/v2\/media?parent=17367"}],"curies":[{"name":"wp","href":"https:\/\/api.w.org\/{rel}","templated":true}]}}