{"id":17355,"date":"2023-02-01T15:53:40","date_gmt":"2023-02-01T13:53:40","guid":{"rendered":"https:\/\/buccara.com\/menorquinisches-haus\/standorte\/bahamas\/"},"modified":"2023-06-20T09:52:40","modified_gmt":"2023-06-20T07:52:40","slug":"bahamas","status":"publish","type":"page","link":"https:\/\/menorquin.com\/de\/menorquinisches-haus\/standorte\/bahamas\/","title":{"rendered":"Bahamas"},"content":{"rendered":"\t\t<div data-elementor-type=\"wp-page\" data-elementor-id=\"17355\" class=\"elementor elementor-17355 elementor-14794\">\n\t\t\t\t\t\t\t\t\t<section class=\"elementor-section elementor-top-section elementor-element elementor-element-45a632bf elementor-section-stretched elementor-section-content-middle elementor-section-boxed elementor-section-height-default elementor-section-height-default\" data-id=\"45a632bf\" data-element_type=\"section\" data-settings=\"{&quot;stretch_section&quot;:&quot;section-stretched&quot;,&quot;background_background&quot;:&quot;classic&quot;}\">\n\t\t\t\t\t\t\t<div class=\"elementor-background-overlay\"><\/div>\n\t\t\t\t\t\t\t<div class=\"elementor-container elementor-column-gap-default\">\n\t\t\t\t\t<div class=\"elementor-column elementor-col-100 elementor-top-column elementor-element elementor-element-7ed7bcea\" data-id=\"7ed7bcea\" data-element_type=\"column\">\n\t\t\t<div class=\"elementor-widget-wrap elementor-element-populated\">\n\t\t\t\t\t\t\t\t<div class=\"elementor-element elementor-element-3af9efd8 elementor-widget elementor-widget-heading\" data-id=\"3af9efd8\" data-element_type=\"widget\" data-widget_type=\"heading.default\">\n\t\t\t\t<div class=\"elementor-widget-container\">\n\t\t\t<style>\/*! elementor - v3.14.0 - 26-06-2023 *\/\n.elementor-heading-title{padding:0;margin:0;line-height:1}.elementor-widget-heading .elementor-heading-title[class*=elementor-size-]>a{color:inherit;font-size:inherit;line-height:inherit}.elementor-widget-heading .elementor-heading-title.elementor-size-small{font-size:15px}.elementor-widget-heading .elementor-heading-title.elementor-size-medium{font-size:19px}.elementor-widget-heading .elementor-heading-title.elementor-size-large{font-size:29px}.elementor-widget-heading .elementor-heading-title.elementor-size-xl{font-size:39px}.elementor-widget-heading .elementor-heading-title.elementor-size-xxl{font-size:59px}<\/style><h1 class=\"elementor-heading-title elementor-size-default\">BAHAMAS<\/h1>\t\t<\/div>\n\t\t\t\t<\/div>\n\t\t\t\t\t<\/div>\n\t\t<\/div>\n\t\t\t\t\t\t\t<\/div>\n\t\t<\/section>\n\t\t\t\t<section class=\"elementor-section elementor-top-section elementor-element elementor-element-3970322c elementor-section-content-middle elementor-section-stretched elementor-section-boxed elementor-section-height-default elementor-section-height-default\" data-id=\"3970322c\" data-element_type=\"section\" data-settings=\"{&quot;stretch_section&quot;:&quot;section-stretched&quot;,&quot;background_background&quot;:&quot;classic&quot;}\">\n\t\t\t\t\t\t<div class=\"elementor-container elementor-column-gap-default\">\n\t\t\t\t\t<div class=\"elementor-column elementor-col-50 elementor-top-column elementor-element elementor-element-7b60ff65\" data-id=\"7b60ff65\" data-element_type=\"column\" data-settings=\"{&quot;background_background&quot;:&quot;classic&quot;}\">\n\t\t\t<div class=\"elementor-widget-wrap elementor-element-populated\">\n\t\t\t\t\t\t\t\t<div class=\"elementor-element elementor-element-eb6f2c6 elementor-widget elementor-widget-spacer\" data-id=\"eb6f2c6\" data-element_type=\"widget\" data-widget_type=\"spacer.default\">\n\t\t\t\t<div class=\"elementor-widget-container\">\n\t\t\t<style>\/*! elementor - v3.14.0 - 26-06-2023 *\/\n.elementor-column .elementor-spacer-inner{height:var(--spacer-size)}.e-con{--container-widget-width:100%}.e-con-inner>.elementor-widget-spacer,.e-con>.elementor-widget-spacer{width:var(--container-widget-width,var(--spacer-size));--align-self:var(--container-widget-align-self,initial);--flex-shrink:0}.e-con-inner>.elementor-widget-spacer>.elementor-widget-container,.e-con-inner>.elementor-widget-spacer>.elementor-widget-container>.elementor-spacer,.e-con>.elementor-widget-spacer>.elementor-widget-container,.e-con>.elementor-widget-spacer>.elementor-widget-container>.elementor-spacer{height:100%}.e-con-inner>.elementor-widget-spacer>.elementor-widget-container>.elementor-spacer>.elementor-spacer-inner,.e-con>.elementor-widget-spacer>.elementor-widget-container>.elementor-spacer>.elementor-spacer-inner{height:var(--container-widget-height,var(--spacer-size))}<\/style>\t\t<div class=\"elementor-spacer\">\n\t\t\t<div class=\"elementor-spacer-inner\"><\/div>\n\t\t<\/div>\n\t\t\t\t<\/div>\n\t\t\t\t<\/div>\n\t\t\t\t\t<\/div>\n\t\t<\/div>\n\t\t\t\t<div class=\"elementor-column elementor-col-50 elementor-top-column elementor-element elementor-element-6d748c45\" data-id=\"6d748c45\" data-element_type=\"column\">\n\t\t\t<div class=\"elementor-widget-wrap elementor-element-populated\">\n\t\t\t\t\t\t\t\t<div class=\"elementor-element elementor-element-46f4cb18 elementor-widget elementor-widget-heading\" data-id=\"46f4cb18\" data-element_type=\"widget\" data-widget_type=\"heading.default\">\n\t\t\t\t<div class=\"elementor-widget-container\">\n\t\t\t<h1 class=\"elementor-heading-title elementor-size-default\"><span style=\"color:#c6b47c;\">Die Bahamas liegen wie Juwelen \u00fcber den Ozean<\/span> s\u00fcd\u00f6stlich von Florida <span style=\"color:#c6b47c;\">verstreut<\/span> und bieten endlose M\u00f6glichkeiten f\u00fcr Segler.<\/h1>\t\t<\/div>\n\t\t\t\t<\/div>\n\t\t\t\t<section class=\"elementor-section elementor-inner-section elementor-element elementor-element-12e1ad22 elementor-section-full_width elementor-section-height-default elementor-section-height-default\" data-id=\"12e1ad22\" data-element_type=\"section\">\n\t\t\t\t\t\t<div class=\"elementor-container elementor-column-gap-default\">\n\t\t\t\t\t<div class=\"elementor-column elementor-col-100 elementor-inner-column elementor-element elementor-element-314dc62a\" data-id=\"314dc62a\" data-element_type=\"column\">\n\t\t\t<div class=\"elementor-widget-wrap elementor-element-populated\">\n\t\t\t\t\t\t\t\t<div class=\"elementor-element elementor-element-1768e98 elementor-widget elementor-widget-heading\" data-id=\"1768e98\" data-element_type=\"widget\" data-widget_type=\"heading.default\">\n\t\t\t\t<div class=\"elementor-widget-container\">\n\t\t\t<p class=\"elementor-heading-title elementor-size-default\">Mit 700 Inseln und Tausenden von Buchten, die es auf den Bahamas zu erkunden gilt, wird es schwer sein, einen Ort zu finden, der dem Paradies auf Erden n\u00e4her kommt. Warme, sanfte Passatwinde umschmeicheln st\u00e4ndig das gesch\u00fctzte Wasser um die Bahamas und machen sie zu einer perfekten Wahl f\u00fcr Familien und Anf\u00e4nger.<\/p>\t\t<\/div>\n\t\t\t\t<\/div>\n\t\t\t\t\t<\/div>\n\t\t<\/div>\n\t\t\t\t\t\t\t<\/div>\n\t\t<\/section>\n\t\t\t\t\t<\/div>\n\t\t<\/div>\n\t\t\t\t\t\t\t<\/div>\n\t\t<\/section>\n\t\t\t\t<section class=\"elementor-section elementor-top-section elementor-element elementor-element-7cc8ead elementor-section-content-middle elementor-section-stretched elementor-section-boxed elementor-section-height-default elementor-section-height-default\" data-id=\"7cc8ead\" data-element_type=\"section\" data-settings=\"{&quot;stretch_section&quot;:&quot;section-stretched&quot;,&quot;background_background&quot;:&quot;classic&quot;}\">\n\t\t\t\t\t\t<div class=\"elementor-container elementor-column-gap-default\">\n\t\t\t\t\t<div class=\"elementor-column elementor-col-50 elementor-top-column elementor-element elementor-element-c59d1ea\" data-id=\"c59d1ea\" data-element_type=\"column\">\n\t\t\t<div class=\"elementor-widget-wrap elementor-element-populated\">\n\t\t\t\t\t\t\t\t<div class=\"elementor-element elementor-element-2da0b7c elementor-widget elementor-widget-heading\" data-id=\"2da0b7c\" data-element_type=\"widget\" data-widget_type=\"heading.default\">\n\t\t\t\t<div class=\"elementor-widget-container\">\n\t\t\t<h1 class=\"elementor-heading-title elementor-size-default\">\n          <span style=\"color:#c6b47c;\">\u00dcber<\/span>\n        <\/h1>\t\t<\/div>\n\t\t\t\t<\/div>\n\t\t\t\t<section class=\"elementor-section elementor-inner-section elementor-element elementor-element-8cd658c elementor-section-full_width elementor-section-height-default elementor-section-height-default\" data-id=\"8cd658c\" data-element_type=\"section\">\n\t\t\t\t\t\t<div class=\"elementor-container elementor-column-gap-default\">\n\t\t\t\t\t<div class=\"elementor-column elementor-col-100 elementor-inner-column elementor-element elementor-element-2744890\" data-id=\"2744890\" data-element_type=\"column\">\n\t\t\t<div class=\"elementor-widget-wrap elementor-element-populated\">\n\t\t\t\t\t\t\t\t<div class=\"elementor-element elementor-element-099aa74 elementor-widget elementor-widget-heading\" data-id=\"099aa74\" data-element_type=\"widget\" data-widget_type=\"heading.default\">\n\t\t\t\t<div class=\"elementor-widget-container\">\n\t\t\t<p class=\"elementor-heading-title elementor-size-default\">Knapp unter der Oberfl\u00e4che des warmen Wassers befindet sich fast ein Viertel der Korallen der Erde, in denen eine spektakul\u00e4re Vielfalt an tropischem Meeresleben schwimmt. Taucher finden hier eines der umfangreichsten Tauchgebiete der Welt mit einer Auswahl an gesunkenen spanischen Galeonen, riesigen blauen L\u00f6chern, waldartigen Korallenriffen und Unterwasserh\u00f6hlen. Besuchen Sie ber\u00fchmte Tauchpl\u00e4tze wie das Zugwrack der Abacos, die USS Adirondack oder die Zunge des Ozeans und erleben Sie ein unvergessliches Taucherlebnis.<\/p>\t\t<\/div>\n\t\t\t\t<\/div>\n\t\t\t\t\t<\/div>\n\t\t<\/div>\n\t\t\t\t\t\t\t<\/div>\n\t\t<\/section>\n\t\t\t\t\t<\/div>\n\t\t<\/div>\n\t\t\t\t<div class=\"elementor-column elementor-col-50 elementor-top-column elementor-element elementor-element-9f9855c\" data-id=\"9f9855c\" data-element_type=\"column\" data-settings=\"{&quot;background_background&quot;:&quot;classic&quot;}\">\n\t\t\t<div class=\"elementor-widget-wrap elementor-element-populated\">\n\t\t\t\t\t\t\t\t<div class=\"elementor-element elementor-element-0e97d3d elementor-widget elementor-widget-spacer\" data-id=\"0e97d3d\" data-element_type=\"widget\" data-widget_type=\"spacer.default\">\n\t\t\t\t<div class=\"elementor-widget-container\">\n\t\t\t\t\t<div class=\"elementor-spacer\">\n\t\t\t<div class=\"elementor-spacer-inner\"><\/div>\n\t\t<\/div>\n\t\t\t\t<\/div>\n\t\t\t\t<\/div>\n\t\t\t\t\t<\/div>\n\t\t<\/div>\n\t\t\t\t\t\t\t<\/div>\n\t\t<\/section>\n\t\t\t\t<section class=\"elementor-section elementor-top-section elementor-element elementor-element-8cb19cc elementor-section-content-middle elementor-section-stretched elementor-section-boxed elementor-section-height-default elementor-section-height-default\" data-id=\"8cb19cc\" data-element_type=\"section\" data-settings=\"{&quot;stretch_section&quot;:&quot;section-stretched&quot;,&quot;background_background&quot;:&quot;classic&quot;}\">\n\t\t\t\t\t\t<div class=\"elementor-container elementor-column-gap-default\">\n\t\t\t\t\t<div class=\"elementor-column elementor-col-100 elementor-top-column elementor-element elementor-element-5bac114\" data-id=\"5bac114\" data-element_type=\"column\">\n\t\t\t<div class=\"elementor-widget-wrap elementor-element-populated\">\n\t\t\t\t\t\t\t\t<div class=\"elementor-element elementor-element-0e4ac1b elementor-widget elementor-widget-heading\" data-id=\"0e4ac1b\" data-element_type=\"widget\" data-widget_type=\"heading.default\">\n\t\t\t\t<div class=\"elementor-widget-container\">\n\t\t\t<h1 class=\"elementor-heading-title elementor-size-default\">Buchen Sie eine der unten aufgef\u00fchrten Flottenoptionen und beginnen Sie Ihre Reise!<\/h1>\t\t<\/div>\n\t\t\t\t<\/div>\n\t\t\t\t<section class=\"elementor-section elementor-inner-section elementor-element elementor-element-eed5f83 elementor-section-boxed elementor-section-height-default elementor-section-height-default\" data-id=\"eed5f83\" data-element_type=\"section\">\n\t\t\t\t\t\t<div class=\"elementor-container elementor-column-gap-default\">\n\t\t\t\t\t<div class=\"elementor-column elementor-col-100 elementor-inner-column elementor-element elementor-element-f2ddb84\" data-id=\"f2ddb84\" data-element_type=\"column\">\n\t\t\t<div class=\"elementor-widget-wrap elementor-element-populated\">\n\t\t\t\t\t\t\t\t<div class=\"elementor-element elementor-element-31f1283 elementor-widget elementor-widget-shortcode\" data-id=\"31f1283\" data-element_type=\"widget\" data-widget_type=\"shortcode.default\">\n\t\t\t\t<div class=\"elementor-widget-container\">\n\t\t\t\t\t<div class=\"elementor-shortcode\">\n          <div class=\"elementor-container elementor-column-gap-default similar-fleet-container\"><div class=\"fleetblock-col\">\n                            <div class=\"fleetblock-col-inner\">\n                                <a href=\"https:\/\/menorquin.com\/fleet\/buccara-menorquin-i\/\">\n                                    <div class=\"fleetblock-top\" style=\"background:url(https:\/\/menorquin.com\/wp-content\/uploads\/2023\/02\/Menorquin-Bahamas-2023-11.jpg)\">\n                                        &nbsp;\n                                    <\/div>\n                                    <div class=\"fleetblock-content\">\n                                        <h2>Buccara Menorquin I<\/h2>\n                                        <a class=\"book-btn\" href=\"https:\/\/menorquin.com\/fleet\/buccara-menorquin-i\/\">BOOK NOW<\/a>\n                                    <\/div>\n                                <\/a>\n                            <\/div>\n                        <\/div><div class=\"fleetblock-col\">\n                            <div class=\"fleetblock-col-inner\">\n                                <a href=\"https:\/\/menorquin.com\/fleet\/buccara-menorquin-iii\/\">\n                                    <div class=\"fleetblock-top\" style=\"background:url(https:\/\/menorquin.com\/wp-content\/uploads\/2024\/01\/Menorquin-Bahamas-2023-19-scaled.jpg)\">\n                                        &nbsp;\n                                    <\/div>\n                                    <div class=\"fleetblock-content\">\n                                        <h2>Buccara Menorquin III<\/h2>\n                                        <a class=\"book-btn\" href=\"https:\/\/menorquin.com\/fleet\/buccara-menorquin-iii\/\">BOOK NOW<\/a>\n                                    <\/div>\n                                <\/a>\n                            <\/div>\n                        <\/div><div class=\"fleetblock-col\">\n                            <div class=\"fleetblock-col-inner\">\n                                <a href=\"https:\/\/menorquin.com\/fleet\/buccara-menorquin-xv\/\">\n                                    <div class=\"fleetblock-top\" style=\"background:url(https:\/\/menorquin.com\/wp-content\/uploads\/2023\/02\/Menorquin-XV-Banner-1.webp)\">\n                                        &nbsp;\n                                    <\/div>\n                                    <div class=\"fleetblock-content\">\n                                        <h2>Buccara Menorquin XV<\/h2>\n                                        <a class=\"book-btn\" href=\"https:\/\/menorquin.com\/fleet\/buccara-menorquin-xv\/\">BOOK NOW<\/a>\n                                    <\/div>\n                                <\/a>\n                            <\/div>\n                        <\/div><\/div>\n        <\/div>\n\t\t\t\t<\/div>\n\t\t\t\t<\/div>\n\t\t\t\t\t<\/div>\n\t\t<\/div>\n\t\t\t\t\t\t\t<\/div>\n\t\t<\/section>\n\t\t\t\t\t<\/div>\n\t\t<\/div>\n\t\t\t\t\t\t\t<\/div>\n\t\t<\/section>\n\t\t\t\t\t\t\t<\/div>\n\t\t","protected":false},"excerpt":{"rendered":"<p>BAHAMAS Die Bahamas liegen wie Juwelen \u00fcber den Ozean s\u00fcd\u00f6stlich von Florida verstreut und bieten endlose M\u00f6glichkeiten f\u00fcr Segler. Mit 700 Inseln und Tausenden von Buchten, die es auf den Bahamas zu erkunden gilt, wird es schwer sein, einen Ort zu finden, der dem Paradies auf Erden n\u00e4her kommt. Warme, sanfte Passatwinde umschmeicheln st\u00e4ndig das [&hellip;]<\/p>\n","protected":false},"author":2,"featured_media":0,"parent":17269,"menu_order":0,"comment_status":"closed","ping_status":"closed","template":"","meta":{"_acf_changed":false,"footnotes":""},"class_list":["post-17355","page","type-page","status-publish","hentry"],"acf":[],"aioseo_notices":[],"_links":{"self":[{"href":"https:\/\/menorquin.com\/de\/wp-json\/wp\/v2\/pages\/17355","targetHints":{"allow":["GET"]}}],"collection":[{"href":"https:\/\/menorquin.com\/de\/wp-json\/wp\/v2\/pages"}],"about":[{"href":"https:\/\/menorquin.com\/de\/wp-json\/wp\/v2\/types\/page"}],"author":[{"embeddable":true,"href":"https:\/\/menorquin.com\/de\/wp-json\/wp\/v2\/users\/2"}],"replies":[{"embeddable":true,"href":"https:\/\/menorquin.com\/de\/wp-json\/wp\/v2\/comments?post=17355"}],"version-history":[{"count":2,"href":"https:\/\/menorquin.com\/de\/wp-json\/wp\/v2\/pages\/17355\/revisions"}],"predecessor-version":[{"id":20435,"href":"https:\/\/menorquin.com\/de\/wp-json\/wp\/v2\/pages\/17355\/revisions\/20435"}],"up":[{"embeddable":true,"href":"https:\/\/menorquin.com\/de\/wp-json\/wp\/v2\/pages\/17269"}],"wp:attachment":[{"href":"https:\/\/menorquin.com\/de\/wp-json\/wp\/v2\/media?parent=17355"}],"curies":[{"name":"wp","href":"https:\/\/api.w.org\/{rel}","templated":true}]}}