{"id":17273,"date":"2023-01-31T11:41:05","date_gmt":"2023-01-31T09:41:05","guid":{"rendered":"https:\/\/buccara.com\/menorquin-ueber-uns\/"},"modified":"2023-06-20T09:50:26","modified_gmt":"2023-06-20T07:50:26","slug":"menorquin-ueber-uns","status":"publish","type":"page","link":"https:\/\/menorquin.com\/de\/menorquinisches-haus\/menorquin-ueber-uns\/","title":{"rendered":"Menorquin \u00dcber uns"},"content":{"rendered":"\t\t<div data-elementor-type=\"wp-page\" data-elementor-id=\"17273\" class=\"elementor elementor-17273 elementor-14787\">\n\t\t\t\t\t\t\t\t\t<section class=\"elementor-section elementor-top-section elementor-element elementor-element-45a632bf elementor-section-stretched elementor-section-content-middle elementor-section-boxed elementor-section-height-default elementor-section-height-default\" data-id=\"45a632bf\" data-element_type=\"section\" data-settings=\"{&quot;stretch_section&quot;:&quot;section-stretched&quot;,&quot;background_background&quot;:&quot;classic&quot;}\">\n\t\t\t\t\t\t\t<div class=\"elementor-background-overlay\"><\/div>\n\t\t\t\t\t\t\t<div class=\"elementor-container elementor-column-gap-default\">\n\t\t\t\t\t<div class=\"elementor-column elementor-col-100 elementor-top-column elementor-element elementor-element-7ed7bcea\" data-id=\"7ed7bcea\" data-element_type=\"column\">\n\t\t\t<div class=\"elementor-widget-wrap elementor-element-populated\">\n\t\t\t\t\t\t\t\t<div class=\"elementor-element elementor-element-3af9efd8 elementor-widget elementor-widget-heading\" data-id=\"3af9efd8\" data-element_type=\"widget\" data-widget_type=\"heading.default\">\n\t\t\t\t<div class=\"elementor-widget-container\">\n\t\t\t<style>\/*! elementor - v3.14.0 - 26-06-2023 *\/\n.elementor-heading-title{padding:0;margin:0;line-height:1}.elementor-widget-heading .elementor-heading-title[class*=elementor-size-]>a{color:inherit;font-size:inherit;line-height:inherit}.elementor-widget-heading .elementor-heading-title.elementor-size-small{font-size:15px}.elementor-widget-heading .elementor-heading-title.elementor-size-medium{font-size:19px}.elementor-widget-heading .elementor-heading-title.elementor-size-large{font-size:29px}.elementor-widget-heading .elementor-heading-title.elementor-size-xl{font-size:39px}.elementor-widget-heading .elementor-heading-title.elementor-size-xxl{font-size:59px}<\/style><h1 class=\"elementor-heading-title elementor-size-default\">\u00dcber uns<\/h1>\t\t<\/div>\n\t\t\t\t<\/div>\n\t\t\t\t\t<\/div>\n\t\t<\/div>\n\t\t\t\t\t\t\t<\/div>\n\t\t<\/section>\n\t\t\t\t<section class=\"elementor-section elementor-top-section elementor-element elementor-element-3970322c elementor-section-content-middle elementor-section-stretched elementor-section-boxed elementor-section-height-default elementor-section-height-default\" data-id=\"3970322c\" data-element_type=\"section\" data-settings=\"{&quot;stretch_section&quot;:&quot;section-stretched&quot;,&quot;background_background&quot;:&quot;classic&quot;}\">\n\t\t\t\t\t\t<div class=\"elementor-container elementor-column-gap-default\">\n\t\t\t\t\t<div class=\"elementor-column elementor-col-50 elementor-top-column elementor-element elementor-element-7b60ff65\" data-id=\"7b60ff65\" data-element_type=\"column\" data-settings=\"{&quot;background_background&quot;:&quot;classic&quot;}\">\n\t\t\t<div class=\"elementor-widget-wrap elementor-element-populated\">\n\t\t\t\t\t\t\t\t<div class=\"elementor-element elementor-element-eb6f2c6 elementor-widget elementor-widget-spacer\" data-id=\"eb6f2c6\" data-element_type=\"widget\" data-widget_type=\"spacer.default\">\n\t\t\t\t<div class=\"elementor-widget-container\">\n\t\t\t<style>\/*! elementor - v3.14.0 - 26-06-2023 *\/\n.elementor-column .elementor-spacer-inner{height:var(--spacer-size)}.e-con{--container-widget-width:100%}.e-con-inner>.elementor-widget-spacer,.e-con>.elementor-widget-spacer{width:var(--container-widget-width,var(--spacer-size));--align-self:var(--container-widget-align-self,initial);--flex-shrink:0}.e-con-inner>.elementor-widget-spacer>.elementor-widget-container,.e-con-inner>.elementor-widget-spacer>.elementor-widget-container>.elementor-spacer,.e-con>.elementor-widget-spacer>.elementor-widget-container,.e-con>.elementor-widget-spacer>.elementor-widget-container>.elementor-spacer{height:100%}.e-con-inner>.elementor-widget-spacer>.elementor-widget-container>.elementor-spacer>.elementor-spacer-inner,.e-con>.elementor-widget-spacer>.elementor-widget-container>.elementor-spacer>.elementor-spacer-inner{height:var(--container-widget-height,var(--spacer-size))}<\/style>\t\t<div class=\"elementor-spacer\">\n\t\t\t<div class=\"elementor-spacer-inner\"><\/div>\n\t\t<\/div>\n\t\t\t\t<\/div>\n\t\t\t\t<\/div>\n\t\t\t\t\t<\/div>\n\t\t<\/div>\n\t\t\t\t<div class=\"elementor-column elementor-col-50 elementor-top-column elementor-element elementor-element-6d748c45\" data-id=\"6d748c45\" data-element_type=\"column\">\n\t\t\t<div class=\"elementor-widget-wrap elementor-element-populated\">\n\t\t\t\t\t\t\t\t<div class=\"elementor-element elementor-element-46f4cb18 elementor-widget elementor-widget-heading\" data-id=\"46f4cb18\" data-element_type=\"widget\" data-widget_type=\"heading.default\">\n\t\t\t\t<div class=\"elementor-widget-container\">\n\t\t\t<h1 class=\"elementor-heading-title elementor-size-default\">Die Geschichte einer echten Liebe zum Meer mit einer echten<span style=\"color:#c6b47c;\"> Menorquin Yacht Experience.<\/span><\/h1>\t\t<\/div>\n\t\t\t\t<\/div>\n\t\t\t\t<section class=\"elementor-section elementor-inner-section elementor-element elementor-element-12e1ad22 elementor-section-full_width elementor-section-height-default elementor-section-height-default\" data-id=\"12e1ad22\" data-element_type=\"section\">\n\t\t\t\t\t\t<div class=\"elementor-container elementor-column-gap-default\">\n\t\t\t\t\t<div class=\"elementor-column elementor-col-100 elementor-inner-column elementor-element elementor-element-314dc62a\" data-id=\"314dc62a\" data-element_type=\"column\">\n\t\t\t<div class=\"elementor-widget-wrap elementor-element-populated\">\n\t\t\t\t\t\t\t\t<div class=\"elementor-element elementor-element-1768e98 elementor-widget elementor-widget-heading\" data-id=\"1768e98\" data-element_type=\"widget\" data-widget_type=\"heading.default\">\n\t\t\t\t<div class=\"elementor-widget-container\">\n\t\t\t<p class=\"elementor-heading-title elementor-size-default\">Unsere Yachten, die f\u00fcr eine effiziente und gem\u00e4chliche Fahrt konzipiert sind, erm\u00f6glichen es Ihnen, das Meer in einer einzigartigen, komfortablen und angenehmen Fahrt zu erleben.<br><br>\nDer Semi-Displacement-Rumpf, der alle unsere Menorquins auszeichnet, bietet eine au\u00dfergew\u00f6hnliche Bootsbreite, die unabh\u00e4ngig vom Seegang maximale Stabilit\u00e4t gew\u00e4hrleistet, und der sehr geringe Tiefgang erm\u00f6glicht es Ihnen, auch die kleinsten Buchten zu erkunden. Dieser Wohn- und Seekomfort ist bei anderen Yachten mit \u00e4hnlicher Bootsl\u00e4nge nur schwer zu finden.<br><br>Alle Buccara Menorquin Charteryachten sind voll ausgestattet und bereit, f\u00fcr Spa\u00df und Abenteuer zu starten. Buccara k\u00fcmmert sich um alle Details, so dass Sie nur noch Ihre Begeisterung f\u00fcr die Reise mitbringen m\u00fcssen. Unsere Yachten werden von qualifizierten Skippern gesteuert, die unsere Boote kennen und Sie sicher an Ihr Ziel bringen.<\/p>\t\t<\/div>\n\t\t\t\t<\/div>\n\t\t\t\t\t<\/div>\n\t\t<\/div>\n\t\t\t\t\t\t\t<\/div>\n\t\t<\/section>\n\t\t\t\t\t<\/div>\n\t\t<\/div>\n\t\t\t\t\t\t\t<\/div>\n\t\t<\/section>\n\t\t\t\t<section class=\"elementor-section elementor-top-section elementor-element elementor-element-2639f1b6 elementor-section-stretched elementor-section-boxed elementor-section-height-default elementor-section-height-default\" data-id=\"2639f1b6\" data-element_type=\"section\" data-settings=\"{&quot;stretch_section&quot;:&quot;section-stretched&quot;,&quot;background_background&quot;:&quot;classic&quot;}\">\n\t\t\t\t\t\t\t<div class=\"elementor-background-overlay\"><\/div>\n\t\t\t\t\t\t\t<div class=\"elementor-container elementor-column-gap-default\">\n\t\t\t\t\t<div class=\"elementor-column elementor-col-33 elementor-top-column elementor-element elementor-element-716ab208\" data-id=\"716ab208\" data-element_type=\"column\">\n\t\t\t<div class=\"elementor-widget-wrap\">\n\t\t\t\t\t\t\t\t\t<\/div>\n\t\t<\/div>\n\t\t\t\t<div class=\"elementor-column elementor-col-33 elementor-top-column elementor-element elementor-element-4c3f479f\" data-id=\"4c3f479f\" data-element_type=\"column\">\n\t\t\t<div class=\"elementor-widget-wrap elementor-element-populated\">\n\t\t\t\t\t\t\t\t<div class=\"elementor-element elementor-element-36ac8ac elementor-widget elementor-widget-heading\" data-id=\"36ac8ac\" data-element_type=\"widget\" data-widget_type=\"heading.default\">\n\t\t\t\t<div class=\"elementor-widget-container\">\n\t\t\t<h4 class=\"elementor-heading-title elementor-size-default\">  Unsere Philosophie l\u00e4dt Sie dazu ein, das Meer, die Inseln und die Natur ohne Eile zu erleben. Genie\u00dfen Sie eine entspannte Reise, bis Sie Ihr Ziel erreicht haben, das ist der Sinn von SLOW YACHTING.<\/h4>\t\t<\/div>\n\t\t\t\t<\/div>\n\t\t\t\t\t<\/div>\n\t\t<\/div>\n\t\t\t\t<div class=\"elementor-column elementor-col-33 elementor-top-column elementor-element elementor-element-407ba914\" data-id=\"407ba914\" data-element_type=\"column\">\n\t\t\t<div class=\"elementor-widget-wrap\">\n\t\t\t\t\t\t\t\t\t<\/div>\n\t\t<\/div>\n\t\t\t\t\t\t\t<\/div>\n\t\t<\/section>\n\t\t\t\t\t\t\t<\/div>\n\t\t","protected":false},"excerpt":{"rendered":"<p>\u00dcber uns Die Geschichte einer echten Liebe zum Meer mit einer echten Menorquin Yacht Experience. Unsere Yachten, die f\u00fcr eine effiziente und gem\u00e4chliche Fahrt konzipiert sind, erm\u00f6glichen es Ihnen, das Meer in einer einzigartigen, komfortablen und angenehmen Fahrt zu erleben. Der Semi-Displacement-Rumpf, der alle unsere Menorquins auszeichnet, bietet eine au\u00dfergew\u00f6hnliche Bootsbreite, die unabh\u00e4ngig vom Seegang [&hellip;]<\/p>\n","protected":false},"author":2,"featured_media":0,"parent":17277,"menu_order":0,"comment_status":"closed","ping_status":"closed","template":"","meta":{"_acf_changed":false,"footnotes":""},"class_list":["post-17273","page","type-page","status-publish","hentry"],"acf":[],"aioseo_notices":[],"_links":{"self":[{"href":"https:\/\/menorquin.com\/de\/wp-json\/wp\/v2\/pages\/17273","targetHints":{"allow":["GET"]}}],"collection":[{"href":"https:\/\/menorquin.com\/de\/wp-json\/wp\/v2\/pages"}],"about":[{"href":"https:\/\/menorquin.com\/de\/wp-json\/wp\/v2\/types\/page"}],"author":[{"embeddable":true,"href":"https:\/\/menorquin.com\/de\/wp-json\/wp\/v2\/users\/2"}],"replies":[{"embeddable":true,"href":"https:\/\/menorquin.com\/de\/wp-json\/wp\/v2\/comments?post=17273"}],"version-history":[{"count":2,"href":"https:\/\/menorquin.com\/de\/wp-json\/wp\/v2\/pages\/17273\/revisions"}],"predecessor-version":[{"id":20432,"href":"https:\/\/menorquin.com\/de\/wp-json\/wp\/v2\/pages\/17273\/revisions\/20432"}],"up":[{"embeddable":true,"href":"https:\/\/menorquin.com\/de\/wp-json\/wp\/v2\/pages\/17277"}],"wp:attachment":[{"href":"https:\/\/menorquin.com\/de\/wp-json\/wp\/v2\/media?parent=17273"}],"curies":[{"name":"wp","href":"https:\/\/api.w.org\/{rel}","templated":true}]}}